{"id":239,"date":"2025-12-03T14:26:54","date_gmt":"2025-12-03T17:26:54","guid":{"rendered":"https:\/\/wang.ar\/?page_id=239"},"modified":"2025-12-05T14:05:59","modified_gmt":"2025-12-05T17:05:59","slug":"nosotros","status":"publish","type":"page","link":"https:\/\/wang.ar\/zh\/nosotros\/","title":{"rendered":"nosotros"},"content":{"rendered":"<div data-elementor-type=\"wp-page\" data-elementor-id=\"239\" class=\"elementor elementor-239\" data-elementor-post-type=\"page\">\n\t\t\t\t<div class=\"elementor-element elementor-element-ff72955 e-flex e-con-boxed e-con e-parent\" data-id=\"ff72955\" data-element_type=\"container\" data-e-type=\"container\">\n\t\t\t\t\t<div class=\"e-con-inner\">\n\t\t<div class=\"elementor-element elementor-element-e1022c1 e-con-full e-flex e-con e-child\" data-id=\"e1022c1\" data-element_type=\"container\" data-e-type=\"container\">\n\t\t\t\t<div class=\"elementor-element elementor-element-ecaedab elementor--h-position-center elementor--v-position-middle elementor-arrows-position-inside elementor-pagination-position-inside elementor-widget elementor-widget-slides\" data-id=\"ecaedab\" data-element_type=\"widget\" data-e-type=\"widget\" data-settings=\"{&quot;navigation&quot;:&quot;both&quot;,&quot;autoplay&quot;:&quot;yes&quot;,&quot;pause_on_hover&quot;:&quot;yes&quot;,&quot;pause_on_interaction&quot;:&quot;yes&quot;,&quot;autoplay_speed&quot;:5000,&quot;infinite&quot;:&quot;yes&quot;,&quot;transition&quot;:&quot;slide&quot;,&quot;transition_speed&quot;:500}\" data-widget_type=\"slides.default\">\n\t\t\t\t\t\t\t\t\t\t<div class=\"elementor-slides-wrapper elementor-main-swiper swiper\" role=\"region\" aria-roledescription=\"carousel\" aria-label=\"Slides\" dir=\"ltr\" data-animation=\"fadeInUp\">\n\t\t\t\t<div class=\"swiper-wrapper elementor-slides\">\n\t\t\t\t\t\t\t\t\t\t<div class=\"elementor-repeater-item-9181ac1 swiper-slide\" role=\"group\" aria-roledescription=\"slide\"><div class=\"swiper-slide-bg\" role=\"img\" aria-label=\"20250821_183248\"><\/div><div class=\"swiper-slide-inner\" ><div class=\"swiper-slide-contents\"><\/div><\/div><\/div>\t\t\t\t<\/div>\n\t\t\t\t\t\t\t<\/div>\n\t\t\t\t\t\t\t\t<\/div>\n\t\t\t\t<\/div>\n\t\t<div class=\"elementor-element elementor-element-783980c e-con-full e-flex e-con e-child\" data-id=\"783980c\" data-element_type=\"container\" data-e-type=\"container\">\n\t\t\t\t<div class=\"elementor-element elementor-element-6b68f6b elementor--h-position-center elementor--v-position-middle elementor-arrows-position-inside elementor-pagination-position-inside elementor-widget elementor-widget-slides\" data-id=\"6b68f6b\" data-element_type=\"widget\" data-e-type=\"widget\" data-settings=\"{&quot;navigation&quot;:&quot;both&quot;,&quot;autoplay&quot;:&quot;yes&quot;,&quot;pause_on_hover&quot;:&quot;yes&quot;,&quot;pause_on_interaction&quot;:&quot;yes&quot;,&quot;autoplay_speed&quot;:5000,&quot;infinite&quot;:&quot;yes&quot;,&quot;transition&quot;:&quot;slide&quot;,&quot;transition_speed&quot;:500}\" data-widget_type=\"slides.default\">\n\t\t\t\t\t\t\t\t\t\t<div class=\"elementor-slides-wrapper elementor-main-swiper swiper\" role=\"region\" aria-roledescription=\"carousel\" aria-label=\"Slides\" dir=\"ltr\" data-animation=\"fadeInUp\">\n\t\t\t\t<div class=\"swiper-wrapper elementor-slides\">\n\t\t\t\t\t\t\t\t\t\t<div class=\"elementor-repeater-item-9181ac1 swiper-slide\" role=\"group\" aria-roledescription=\"slide\"><div class=\"swiper-slide-bg\" role=\"img\" aria-label=\"3banner\"><\/div><div class=\"swiper-slide-inner\" ><div class=\"swiper-slide-contents\"><\/div><\/div><\/div>\t\t\t\t<\/div>\n\t\t\t\t\t\t\t<\/div>\n\t\t\t\t\t\t\t\t<\/div>\n\t\t\t\t<\/div>\n\t\t\t\t\t<\/div>\n\t\t\t\t<\/div>\n\t\t<div class=\"elementor-element elementor-element-14fdb8c e-flex e-con-boxed e-con e-parent\" data-id=\"14fdb8c\" data-element_type=\"container\" data-e-type=\"container\">\n\t\t\t\t\t<div class=\"e-con-inner\">\n\t\t<div class=\"elementor-element elementor-element-0a007ad e-con-full e-flex e-con e-child\" data-id=\"0a007ad\" data-element_type=\"container\" data-e-type=\"container\">\n\t\t\t\t<div class=\"elementor-element elementor-element-e871c1a elementor-widget elementor-widget-text-editor\" data-id=\"e871c1a\" data-element_type=\"widget\" data-e-type=\"widget\" data-widget_type=\"text-editor.default\">\n\t\t\t\t\t\t\t\t\t<p>\u6211\u4eec\u4f4d\u4e8e\u963f\u6839\u5ef7\u5e03\u5b9c\u8bfa\u65af\u827e\u5229\u65af\uff08CABA\uff09\u4e2d\u56fd\u57ce\uff0c\u81f4\u529b\u4e8e\u4e3a\u963f\u6839\u5ef7\u6d88\u8d39\u8005\u5e26\u6765\u9ad8\u54c1\u8d28\u7684\u4e9a\u6d32\u5546\u54c1\u3002\u6211\u4eec\u76f4\u63a5\u4ece\u4e2d\u56fd\u8fdb\u53e3\u5404\u7c7b\u70ed\u95e8\u96f6\u98df\u3001\u7279\u8272\u996e\u6599\u3001\u7cbe\u81f4\u98df\u54c1\u3001\u74f7\u5668\u3001\u9910\u5177\u4ee5\u53ca\u5c55\u73b0\u4e9a\u6d32\u6587\u5316\u7279\u8272\u7684\u591a\u79cd\u5546\u54c1\u3002<\/p>\n<p>\u6211\u4eec\u7684\u76ee\u7684\u5f88\u660e\u786e\uff1a<br \/>\u4ee5\u4fbf\u6377\u3001\u53ef\u9760\u7684\u65b9\u5f0f\uff0c\u63d0\u4f9b\u4e2a\u6027\u5316\u7684\u670d\u52a1\uff0c\u5c06\u4e9a\u6d32\u6700\u597d\u7684\u4ea7\u54c1\u5e26\u5230\u963f\u6839\u5ef7\u3002<\/p>\n<p>\u6211\u4eec\u4e0d\u65ad\u6269\u5145\u4ea7\u54c1\u7ebf\uff0c\u8ba9\u6bcf\u4e00\u4f4d\u987e\u5ba2\u6bcf\u6b21\u5230\u5e97\u90fd\u80fd\u53d1\u73b0\u65b0\u7684\u98ce\u5473\u3001\u8bbe\u8ba1\u6216\u4f53\u9a8c\u3002<br \/>\u65e0\u8bba\u60a8\u662f\u559c\u6b22\u4e9a\u6d32\u6587\u5316\u3001\u5bfb\u627e\u72ec\u7279\u53e3\u5473\uff0c\u8fd8\u662f\u60f3\u8ba9\u5bb6\u4e2d\u589e\u6dfb\u7279\u8272\u597d\u7269\uff0c\u90fd\u80fd\u5728\u8fd9\u91cc\u627e\u5230\u5c5e\u4e8e\u60a8\u7684\u60ca\u559c\u3002<\/p>\t\t\t\t\t\t\t\t<\/div>\n\t\t\t\t<\/div>\n\t\t<div class=\"elementor-element elementor-element-eac543e e-con-full e-flex e-con e-child\" data-id=\"eac543e\" data-element_type=\"container\" data-e-type=\"container\">\n\t\t\t\t<div class=\"elementor-element elementor-element-6b60451 elementor-widget elementor-widget-html\" data-id=\"6b60451\" data-element_type=\"widget\" data-e-type=\"widget\" data-widget_type=\"html.default\">\n\t\t\t\t\t<iframe src=\"https:\/\/www.google.com\/maps\/embed?pb=!1m18!1m12!1m3!1d3285.8923979221445!2d-58.45220810000001!3d-34.5562797!2m3!1f0!2f0!3f0!3m2!1i1024!2i768!4f13.1!3m3!1m2!1s0x95bcb56ae96e9329%3A0x9721b2f8f61f3ee2!2sWANG%20Argentina!5e0!3m2!1ses!2sar!4v1764953341650!5m2!1ses!2sar\" width=\"600\" height=\"450\" style=\"border:0;\" allowfullscreen=\"\" loading=\"lazy\" referrerpolicy=\"no-referrer-when-downgrade\"><\/iframe>\t\t\t\t<\/div>\n\t\t\t\t<\/div>\n\t\t\t\t\t<\/div>\n\t\t\t\t<\/div>\n\t\t\t\t<\/div>","protected":false},"excerpt":{"rendered":"<p>Estamos ubicados en el Barrio Chino de CABA y nos dedicamos a importar y ofrecer a los consumidores argentinos una selecci\u00f3n de productos asi\u00e1ticos de alta calidad. Traemos directamente desde China snacks populares, bebidas, alimentos especiales, porcelanas, vajilla y una variedad de art\u00edculos aut\u00e9nticos que representan la esencia de la cultura asi\u00e1tica. Nuestro prop\u00f3sito es [&#8230;]\n","protected":false},"author":2,"featured_media":0,"parent":0,"menu_order":0,"comment_status":"closed","ping_status":"closed","template":"","meta":{"footnotes":""},"class_list":["post-239","page","type-page","status-publish","hentry"],"jetpack_sharing_enabled":true,"_links":{"self":[{"href":"https:\/\/wang.ar\/zh\/wp-json\/wp\/v2\/pages\/239","targetHints":{"allow":["GET"]}}],"collection":[{"href":"https:\/\/wang.ar\/zh\/wp-json\/wp\/v2\/pages"}],"about":[{"href":"https:\/\/wang.ar\/zh\/wp-json\/wp\/v2\/types\/page"}],"author":[{"embeddable":true,"href":"https:\/\/wang.ar\/zh\/wp-json\/wp\/v2\/users\/2"}],"replies":[{"embeddable":true,"href":"https:\/\/wang.ar\/zh\/wp-json\/wp\/v2\/comments?post=239"}],"version-history":[{"count":25,"href":"https:\/\/wang.ar\/zh\/wp-json\/wp\/v2\/pages\/239\/revisions"}],"predecessor-version":[{"id":376,"href":"https:\/\/wang.ar\/zh\/wp-json\/wp\/v2\/pages\/239\/revisions\/376"}],"wp:attachment":[{"href":"https:\/\/wang.ar\/zh\/wp-json\/wp\/v2\/media?parent=239"}],"curies":[{"name":"wp","href":"https:\/\/api.w.org\/{rel}","templated":true}]}}