{"id":1004,"date":"2026-01-26T18:10:59","date_gmt":"2026-01-26T21:10:59","guid":{"rendered":"https:\/\/wang.ar\/?post_type=product&#038;p=1004"},"modified":"2026-01-26T18:10:59","modified_gmt":"2026-01-26T21:10:59","slug":"cable-usb-c-a-usb-c-60w-1m","status":"publish","type":"product","link":"https:\/\/wang.ar\/zh\/product\/cable-usb-c-a-usb-c-60w-1m\/","title":{"rendered":"Cable Usb-C a Usb-C 60W 1m"},"content":{"rendered":"<div>El Cable Novera USB-C a USB-C 60W con su conector de entrada y salida USB-C garantiza una conexi\u00f3n estable y eficiente en todo momento.<\/div>\n<div><\/div>\n<div>Ya no tendr\u00e1s que preocuparte por cables enredados o da\u00f1ados, este cable est\u00e1 dise\u00f1ado para resistir el uso diario sin problemas.<\/div>\n<div>Con una capacidad de carga de 60W, este cable te permite cargar tus dispositivos de forma r\u00e1pida y eficiente.<\/div>\n<div><\/div>\n<div>Conexi\u00f3n: USB C \u2013 USB C<\/div>\n<div>1.Material: carcasa de ABS\/cable de PVC<\/div>\n<div>2. Longitud: 1M<\/div>\n<div>3.Capacidad: 60W<\/div>\n<div>4. Alambre de cobre interno: (10\/0.08BC+25OD)*3C+(60\/0.08BC+25OD)*2C<\/div>\n<div>5. Nivel USB: USB2.0<\/div>\n<div>6.Di\u00e1metro del cable: OD3.5MM<\/div>","protected":false},"excerpt":{"rendered":"<p>El Cable Novera USB-C a USB-C 60W con su conector de entrada y salida USB-C garantiza una conexi\u00f3n estable y eficiente en todo momento. Ya no tendr\u00e1s que preocuparte por cables enredados o da\u00f1ados, este cable est\u00e1 dise\u00f1ado para resistir el uso diario sin problemas. Con una capacidad de carga de 60W, este cable te [&#8230;]\n","protected":false},"featured_media":1008,"template":"","meta":[],"product_brand":[124],"product_cat":[125,35],"product_tag":[],"class_list":{"0":"post-1004","1":"product","2":"type-product","3":"status-publish","4":"has-post-thumbnail","6":"product_brand-novera","7":"product_cat-cable","8":"product_cat-productos-electronicos","10":"first","11":"instock","12":"shipping-taxable","13":"purchasable","14":"product-type-variable"},"jetpack_sharing_enabled":true,"_links":{"self":[{"href":"https:\/\/wang.ar\/zh\/wp-json\/wp\/v2\/product\/1004","targetHints":{"allow":["GET"]}}],"collection":[{"href":"https:\/\/wang.ar\/zh\/wp-json\/wp\/v2\/product"}],"about":[{"href":"https:\/\/wang.ar\/zh\/wp-json\/wp\/v2\/types\/product"}],"wp:featuredmedia":[{"embeddable":true,"href":"https:\/\/wang.ar\/zh\/wp-json\/wp\/v2\/media\/1008"}],"wp:attachment":[{"href":"https:\/\/wang.ar\/zh\/wp-json\/wp\/v2\/media?parent=1004"}],"wp:term":[{"taxonomy":"product_brand","embeddable":true,"href":"https:\/\/wang.ar\/zh\/wp-json\/wp\/v2\/product_brand?post=1004"},{"taxonomy":"product_cat","embeddable":true,"href":"https:\/\/wang.ar\/zh\/wp-json\/wp\/v2\/product_cat?post=1004"},{"taxonomy":"product_tag","embeddable":true,"href":"https:\/\/wang.ar\/zh\/wp-json\/wp\/v2\/product_tag?post=1004"}],"curies":[{"name":"wp","href":"https:\/\/api.w.org\/{rel}","templated":true}]}}