{"id":1020,"date":"2026-01-27T11:49:53","date_gmt":"2026-01-27T14:49:53","guid":{"rendered":"https:\/\/wang.ar\/?post_type=product&#038;p=1020"},"modified":"2026-01-27T12:34:53","modified_gmt":"2026-01-27T15:34:53","slug":"auriculares-inalambricos-in-ear-nbh26","status":"publish","type":"product","link":"https:\/\/wang.ar\/zh\/product\/auriculares-inalambricos-in-ear-nbh26\/","title":{"rendered":"Novera\u65e0\u7ebf\u5165\u8033\u5f0f\u8033\u673aNBH26"},"content":{"rendered":"<div>\u8d85\u8f7b\u4fbf\u8212\u9002\u7684\u8033\u673a\uff0c\u8bbe\u8ba1\u5c0f\u5de7\u4f18\u96c5<\/div>\n<div>\u84dd\u7259\u7248\u672c\uff1a\u84dd\u7259V5.3<\/div>\n<div>AAC\u97f3\u9891\u7f16\u89e3\u7801\u5668\uff0c\u53ef\u51cf\u5c11\u97f3\u8d28\u538b\u7f29\uff0c\u63d0\u9ad8\u542c\u97f3\u4e50\u65f6\u7684\u53ef\u9760\u6027<\/div>\n<div>\u5185\u7f6e\u9ea6\u514b\u98ce<\/div>\n<div><\/div>\n<div>\u4f7f\u7528\u65f6\u95f4\u6700\u957f\u53ef\u8fbe 4 \u5c0f\u65f6\uff08\u53ef\u80fd\u56e0\u8bbe\u5907\u548c\u4f7f\u7528\u91cf\u800c\u5f02\uff09<\/div>\n<div>\u5145\u7535\u65f6\u95f41\u5c0f\u65f6<\/div>\n<div><\/div>\n<div>\u6e38\u620f\u6a21\u5f0f\uff08**\u8fde\u7eed\u70b9\u51fb 4 \u6b21**\uff09\u9002\u7528\u4e8e\u60f3\u8981\u66f4\u597d\u5730\u542c\u5230\u5728\u7ebf\u6e38\u620f\u4e2d\u53d1\u751f\u7684\u4e00\u5207\u7684\u4eba<\/div>\n<div>\u5145\u7535\u5e95\u5ea7\u5e26\u7535\u91cf\u6307\u793a\u706f\uff0c\u53ef\u5145\u6ee14\u6b21\u7535<\/div>","protected":false},"excerpt":{"rendered":"<p>-Auriculares Super ligeros y c\u00f3modos de dise\u00f1o peque\u00f1o y elegante. -Versi\u00f3n de Bluetooth: Bluetooth V5.3 -C\u00f3dec de audio \u00ab\u00bbAAC\u00bb\u00bb para una menor compresi\u00f3n en la calidad de sonido y mayor fiabilidad al momento de escuchar tu m\u00fasica. -Micr\u00f3fono integrado. -Tiempo de uso hasta 4 horas (Puede variar seg\u00fan el dispositivo y volumen utilizado) -Tiempo de [&#8230;]\n","protected":false},"featured_media":1025,"template":"","meta":[],"product_brand":[124],"product_cat":[126,35],"product_tag":[127],"class_list":{"0":"post-1020","1":"product","2":"type-product","3":"status-publish","4":"has-post-thumbnail","6":"product_brand-novera","7":"product_cat-auriculares","8":"product_cat-productos-electronicos","9":"product_tag-auriculares","11":"first","12":"instock","13":"shipping-taxable","14":"purchasable","15":"product-type-variable"},"jetpack_sharing_enabled":true,"_links":{"self":[{"href":"https:\/\/wang.ar\/zh\/wp-json\/wp\/v2\/product\/1020","targetHints":{"allow":["GET"]}}],"collection":[{"href":"https:\/\/wang.ar\/zh\/wp-json\/wp\/v2\/product"}],"about":[{"href":"https:\/\/wang.ar\/zh\/wp-json\/wp\/v2\/types\/product"}],"wp:featuredmedia":[{"embeddable":true,"href":"https:\/\/wang.ar\/zh\/wp-json\/wp\/v2\/media\/1025"}],"wp:attachment":[{"href":"https:\/\/wang.ar\/zh\/wp-json\/wp\/v2\/media?parent=1020"}],"wp:term":[{"taxonomy":"product_brand","embeddable":true,"href":"https:\/\/wang.ar\/zh\/wp-json\/wp\/v2\/product_brand?post=1020"},{"taxonomy":"product_cat","embeddable":true,"href":"https:\/\/wang.ar\/zh\/wp-json\/wp\/v2\/product_cat?post=1020"},{"taxonomy":"product_tag","embeddable":true,"href":"https:\/\/wang.ar\/zh\/wp-json\/wp\/v2\/product_tag?post=1020"}],"curies":[{"name":"wp","href":"https:\/\/api.w.org\/{rel}","templated":true}]}}