{"id":1029,"date":"2026-01-28T11:20:36","date_gmt":"2026-01-28T14:20:36","guid":{"rendered":"https:\/\/wang.ar\/?post_type=product&#038;p=1029"},"modified":"2026-01-28T11:21:56","modified_gmt":"2026-01-28T14:21:56","slug":"auriculares-inalambricos-in-ear-nbh10","status":"publish","type":"product","link":"https:\/\/wang.ar\/zh\/product\/auriculares-inalambricos-in-ear-nbh10\/","title":{"rendered":"NOVERA\u5165\u8033\u5f0f\u65e0\u7ebf\u8033\u673aNBH10"},"content":{"rendered":"<div>\u8d85\u8f7b\u4fbf\u8212\u9002\u7684\u8033\u673a\uff0c\u8bbe\u8ba1\u5c0f\u5de7\u4f18\u96c5<\/div>\n<div>\u84dd\u7259\u7248\u672c\uff1a\u84dd\u7259V5.3<\/div>\n<div>AAC\u97f3\u9891\u7f16\u89e3\u7801\u5668\uff0c\u53ef\u51cf\u5c11\u97f3\u8d28\u538b\u7f29\uff0c\u63d0\u9ad8\u542c\u97f3\u4e50\u65f6\u7684\u53ef\u9760\u6027<\/div>\n<div>\u5185\u7f6e\u9ea6\u514b\u98ce<\/div>\n<div><\/div>\n<div>-Tiempo de uso hasta 3 horas (Puede variar seg\u00fan el dispositivo y volumen utilizado)<\/div>\n<div>\u5145\u7535\u65f6\u95f41\u5c0f\u65f6<\/div>\n<div>-Base de carga con 4 cargas completas.<\/div>","protected":false},"excerpt":{"rendered":"<p>-Auriculares Super ligeros y c\u00f3modos de dise\u00f1o peque\u00f1o y elegante. -Versi\u00f3n de Bluetooth: Bluetooth V5.3 -C\u00f3dec de audio \u00ab\u00bbAAC\u00bb\u00bb para una menor compresi\u00f3n en la calidad de sonido y mayor fiabilidad al momento de escuchar tu m\u00fasica. -Micr\u00f3fono integrado. -Tiempo de uso hasta 3 horas (Puede variar seg\u00fan el dispositivo y volumen utilizado) -Tiempo de [&#8230;]\n","protected":false},"featured_media":1037,"template":"","meta":[],"product_brand":[124],"product_cat":[126,35],"product_tag":[],"class_list":{"0":"post-1029","1":"product","2":"type-product","3":"status-publish","4":"has-post-thumbnail","6":"product_brand-novera","7":"product_cat-auriculares","8":"product_cat-productos-electronicos","10":"first","11":"instock","12":"shipping-taxable","13":"purchasable","14":"product-type-variable"},"jetpack_sharing_enabled":true,"_links":{"self":[{"href":"https:\/\/wang.ar\/zh\/wp-json\/wp\/v2\/product\/1029","targetHints":{"allow":["GET"]}}],"collection":[{"href":"https:\/\/wang.ar\/zh\/wp-json\/wp\/v2\/product"}],"about":[{"href":"https:\/\/wang.ar\/zh\/wp-json\/wp\/v2\/types\/product"}],"wp:featuredmedia":[{"embeddable":true,"href":"https:\/\/wang.ar\/zh\/wp-json\/wp\/v2\/media\/1037"}],"wp:attachment":[{"href":"https:\/\/wang.ar\/zh\/wp-json\/wp\/v2\/media?parent=1029"}],"wp:term":[{"taxonomy":"product_brand","embeddable":true,"href":"https:\/\/wang.ar\/zh\/wp-json\/wp\/v2\/product_brand?post=1029"},{"taxonomy":"product_cat","embeddable":true,"href":"https:\/\/wang.ar\/zh\/wp-json\/wp\/v2\/product_cat?post=1029"},{"taxonomy":"product_tag","embeddable":true,"href":"https:\/\/wang.ar\/zh\/wp-json\/wp\/v2\/product_tag?post=1029"}],"curies":[{"name":"wp","href":"https:\/\/api.w.org\/{rel}","templated":true}]}}