{"id":1042,"date":"2026-01-28T16:01:05","date_gmt":"2026-01-28T19:01:05","guid":{"rendered":"https:\/\/wang.ar\/?post_type=product&#038;p=1042"},"modified":"2026-01-28T16:01:06","modified_gmt":"2026-01-28T19:01:06","slug":"novera-cable-3-en-1-micro-usb-usb-c-lightning-reforzado","status":"publish","type":"product","link":"https:\/\/wang.ar\/zh\/product\/novera-cable-3-en-1-micro-usb-usb-c-lightning-reforzado\/","title":{"rendered":"NOVERA Cable 3 en 1 (MICRO USB, USB-C, LIGHTNING) REFORZADO"},"content":{"rendered":"<div>El Cable 3 En 1 que incluye conexiones tipo Micro-Usb +USB-C +Lighting\u00a0 es la soluci\u00f3n perfecta para cargar y transferir datos de manera eficiente con una variedad de dispositivos. Ya sea que necesites cargar tu smartphone, tablet o cualquier otro dispositivo compatible, este cable tiene todo lo que necesitas. Su dise\u00f1o vers\u00e1til y compacto lo convierte en un accesorio imprescindible para tu d\u00eda a d\u00eda.<\/div>\n<div><\/div>\n<div>1. Longitud: 1,2 M (l\u00ednea principal 0,95 M, l\u00ednea doble 0,25 M)<\/div>\n<div>2. Material: TPE + Aleaci\u00f3n de aluminio + Cable trenzado<\/div>\n<div>3. Salida tipo C: compatible con 100 W\/66 W\/40 W\/22,5 W.<\/div>\n<div>4. Salida Lightning : Soporte 5V\/2.4A<\/div>\n<div>5. Salida Micro: Soporte 5V\/3A<\/div>","protected":false},"excerpt":{"rendered":"<p>El Cable 3 En 1 que incluye conexiones tipo Micro-Usb +USB-C +Lighting\u00a0 es la soluci\u00f3n perfecta para cargar y transferir datos de manera eficiente con una variedad de dispositivos. Ya sea que necesites cargar tu smartphone, tablet o cualquier otro dispositivo compatible, este cable tiene todo lo que necesitas. Su dise\u00f1o vers\u00e1til y compacto lo [&#8230;]\n","protected":false},"featured_media":1047,"template":"","meta":[],"product_brand":[124],"product_cat":[125,35],"product_tag":[],"class_list":{"0":"post-1042","1":"product","2":"type-product","3":"status-publish","4":"has-post-thumbnail","6":"product_brand-novera","7":"product_cat-cable","8":"product_cat-productos-electronicos","10":"first","11":"instock","12":"shipping-taxable","13":"purchasable","14":"product-type-variable"},"jetpack_sharing_enabled":true,"_links":{"self":[{"href":"https:\/\/wang.ar\/zh\/wp-json\/wp\/v2\/product\/1042","targetHints":{"allow":["GET"]}}],"collection":[{"href":"https:\/\/wang.ar\/zh\/wp-json\/wp\/v2\/product"}],"about":[{"href":"https:\/\/wang.ar\/zh\/wp-json\/wp\/v2\/types\/product"}],"wp:featuredmedia":[{"embeddable":true,"href":"https:\/\/wang.ar\/zh\/wp-json\/wp\/v2\/media\/1047"}],"wp:attachment":[{"href":"https:\/\/wang.ar\/zh\/wp-json\/wp\/v2\/media?parent=1042"}],"wp:term":[{"taxonomy":"product_brand","embeddable":true,"href":"https:\/\/wang.ar\/zh\/wp-json\/wp\/v2\/product_brand?post=1042"},{"taxonomy":"product_cat","embeddable":true,"href":"https:\/\/wang.ar\/zh\/wp-json\/wp\/v2\/product_cat?post=1042"},{"taxonomy":"product_tag","embeddable":true,"href":"https:\/\/wang.ar\/zh\/wp-json\/wp\/v2\/product_tag?post=1042"}],"curies":[{"name":"wp","href":"https:\/\/api.w.org\/{rel}","templated":true}]}}