{"id":1058,"date":"2026-01-28T16:51:47","date_gmt":"2026-01-28T19:51:47","guid":{"rendered":"https:\/\/wang.ar\/?post_type=product&#038;p=1058"},"modified":"2026-01-28T16:51:47","modified_gmt":"2026-01-28T19:51:47","slug":"novera-cable-trenzado-usb-c-60w-1m","status":"publish","type":"product","link":"https:\/\/wang.ar\/zh\/product\/novera-cable-trenzado-usb-c-60w-1m\/","title":{"rendered":"NOVERA Cable Trenzado Usb-C 60W 1m"},"content":{"rendered":"<div>Es la soluci\u00f3n perfecta para tus necesidades de conexi\u00f3n. Con un conector de entrada USB Tipo C y un conector de salida USB-C, este cable de datos USB garantiza una transferencia de datos r\u00e1pida y segura. Ofrece una longitud de 1 metro, ideal para usar en cualquier lugar de forma c\u00f3moda y pr\u00e1ctica.<\/div>\n<div><\/div>\n<div>Gracias a su dise\u00f1o de alta calidad, el Cable C-C 1m de Novera es resistente y duradero, lo que garantiza una conexi\u00f3n estable y confiable en todo momento.<\/div>\n<div><\/div>\n<div>Conexi\u00f3n: USB C- USB C<\/div>\n<div>Material: Nailon Tranzado<\/div>\n<div>Longitud: 1M<\/div>\n<div>Cable de cobre interior: 50*0,08BC*2C+10*0,08BC*3C<\/div>\n<div>Di\u00e1metro del cable: OD3.5MM<\/div>","protected":false},"excerpt":{"rendered":"<p>Es la soluci\u00f3n perfecta para tus necesidades de conexi\u00f3n. Con un conector de entrada USB Tipo C y un conector de salida USB-C, este cable de datos USB garantiza una transferencia de datos r\u00e1pida y segura. Ofrece una longitud de 1 metro, ideal para usar en cualquier lugar de forma c\u00f3moda y pr\u00e1ctica. Gracias a [&#8230;]\n","protected":false},"featured_media":1062,"template":"","meta":[],"product_brand":[124],"product_cat":[125,35],"product_tag":[],"class_list":{"0":"post-1058","1":"product","2":"type-product","3":"status-publish","4":"has-post-thumbnail","6":"product_brand-novera","7":"product_cat-cable","8":"product_cat-productos-electronicos","10":"first","11":"instock","12":"shipping-taxable","13":"purchasable","14":"product-type-variable"},"jetpack_sharing_enabled":true,"_links":{"self":[{"href":"https:\/\/wang.ar\/zh\/wp-json\/wp\/v2\/product\/1058","targetHints":{"allow":["GET"]}}],"collection":[{"href":"https:\/\/wang.ar\/zh\/wp-json\/wp\/v2\/product"}],"about":[{"href":"https:\/\/wang.ar\/zh\/wp-json\/wp\/v2\/types\/product"}],"wp:featuredmedia":[{"embeddable":true,"href":"https:\/\/wang.ar\/zh\/wp-json\/wp\/v2\/media\/1062"}],"wp:attachment":[{"href":"https:\/\/wang.ar\/zh\/wp-json\/wp\/v2\/media?parent=1058"}],"wp:term":[{"taxonomy":"product_brand","embeddable":true,"href":"https:\/\/wang.ar\/zh\/wp-json\/wp\/v2\/product_brand?post=1058"},{"taxonomy":"product_cat","embeddable":true,"href":"https:\/\/wang.ar\/zh\/wp-json\/wp\/v2\/product_cat?post=1058"},{"taxonomy":"product_tag","embeddable":true,"href":"https:\/\/wang.ar\/zh\/wp-json\/wp\/v2\/product_tag?post=1058"}],"curies":[{"name":"wp","href":"https:\/\/api.w.org\/{rel}","templated":true}]}}