{"id":1066,"date":"2026-01-28T17:01:10","date_gmt":"2026-01-28T20:01:10","guid":{"rendered":"https:\/\/wang.ar\/?post_type=product&#038;p=1066"},"modified":"2026-01-28T17:01:10","modified_gmt":"2026-01-28T20:01:10","slug":"novera-cable-usb-c-a-lightning-30w-1-5mts","status":"publish","type":"product","link":"https:\/\/wang.ar\/zh\/product\/novera-cable-usb-c-a-lightning-30w-1-5mts\/","title":{"rendered":"Novera Cable Usb-C a Lightning 30W 1.5mts"},"content":{"rendered":"<div>El Cable Novera USB-C a LIGHTNING de 1.5m este cable cuenta con conectores USB-C A LIGHTNING, lo que lo hace compatible con una amplia gama de dispositivos. Su dise\u00f1o duradero y resistente garantiza una conexi\u00f3n estable y confiable en todo momento. Adem\u00e1s, su modelo asegura un rendimiento \u00f3ptimo en cada uso.<\/div>\n<div><\/div>\n<div>Ya sea para cargar tu smartphone, tablet o laptop, el Cable Novera USB-C a LIGHTNING de 1.5m es la elecci\u00f3n ideal para mantener tus dispositivos siempre listos para usar.<\/div>\n<div><\/div>\n<div>Cable de Carga y Datos para LIGHTNING<\/div>\n<div>Salida_Max: 20.0V-3.0A ,30W<\/div>\n<div>Conexi\u00f3n: USB C- LIGHTNING<\/div>\n<div>Longitud de cable: 1.5M<\/div>","protected":false},"excerpt":{"rendered":"<p>El Cable Novera USB-C a LIGHTNING de 1.5m este cable cuenta con conectores USB-C A LIGHTNING, lo que lo hace compatible con una amplia gama de dispositivos. Su dise\u00f1o duradero y resistente garantiza una conexi\u00f3n estable y confiable en todo momento. Adem\u00e1s, su modelo asegura un rendimiento \u00f3ptimo en cada uso. Ya sea para cargar [&#8230;]\n","protected":false},"featured_media":1067,"template":"","meta":[],"product_brand":[124],"product_cat":[125,35],"product_tag":[],"class_list":{"0":"post-1066","1":"product","2":"type-product","3":"status-publish","4":"has-post-thumbnail","6":"product_brand-novera","7":"product_cat-cable","8":"product_cat-productos-electronicos","10":"first","11":"instock","12":"shipping-taxable","13":"purchasable","14":"product-type-simple"},"jetpack_sharing_enabled":true,"_links":{"self":[{"href":"https:\/\/wang.ar\/zh\/wp-json\/wp\/v2\/product\/1066","targetHints":{"allow":["GET"]}}],"collection":[{"href":"https:\/\/wang.ar\/zh\/wp-json\/wp\/v2\/product"}],"about":[{"href":"https:\/\/wang.ar\/zh\/wp-json\/wp\/v2\/types\/product"}],"wp:featuredmedia":[{"embeddable":true,"href":"https:\/\/wang.ar\/zh\/wp-json\/wp\/v2\/media\/1067"}],"wp:attachment":[{"href":"https:\/\/wang.ar\/zh\/wp-json\/wp\/v2\/media?parent=1066"}],"wp:term":[{"taxonomy":"product_brand","embeddable":true,"href":"https:\/\/wang.ar\/zh\/wp-json\/wp\/v2\/product_brand?post=1066"},{"taxonomy":"product_cat","embeddable":true,"href":"https:\/\/wang.ar\/zh\/wp-json\/wp\/v2\/product_cat?post=1066"},{"taxonomy":"product_tag","embeddable":true,"href":"https:\/\/wang.ar\/zh\/wp-json\/wp\/v2\/product_tag?post=1066"}],"curies":[{"name":"wp","href":"https:\/\/api.w.org\/{rel}","templated":true}]}}