{"id":1081,"date":"2026-01-30T11:05:59","date_gmt":"2026-01-30T14:05:59","guid":{"rendered":"https:\/\/wang.ar\/?post_type=product&#038;p=1081"},"modified":"2026-03-03T10:43:19","modified_gmt":"2026-03-03T13:43:19","slug":"fundas-iphone-13-15-compatible-con-magsafe","status":"publish","type":"product","link":"https:\/\/wang.ar\/zh\/product\/fundas-iphone-13-15-compatible-con-magsafe\/","title":{"rendered":"Fundas iPhone 13-15 Compatible con MagSafe"},"content":{"rendered":"<div>Absorci\u00f3n de impactos: La funda es capaz de absorber y dispersar los impactos para proteger el celular en caso de ca\u00eddas y golpes.<\/div>\n<div><\/div>\n<div>Ajuste preciso: La funda encaja perfectamente con el modelo espec\u00edfico del celular, permitiendo un acceso f\u00e1cil y sin obstrucciones a todos los botones, puertos, c\u00e1maras y otras funciones del dispositivo.<\/div>\n<div><\/div>\n<div>Protecci\u00f3n de esquinas y bordes: Las esquinas y bordes del celular son las \u00e1reas m\u00e1s vulnerables. La funda tiene refuerzos adicionales en estas zonas para ofrecer una protecci\u00f3n extra.<\/div>\n<div><\/div>\n<div>Agarre Antideslizante: Para evitar que el celular se deslice de tus manos, la funda cuenta con una superficie texturizada y est\u00e1 hecha de materiales que proporcionan un buen agarre.<\/div>\n<div><\/div>\n<div>Compatibilidad con Carga Inal\u00e1mbrica: Si el tel\u00e9fono es compatible con carga inal\u00e1mbrica, la funda no interfiere con esta funcionalidad. La funda permite la carga inal\u00e1mbrica sin necesidad de quitarla.<\/div>","protected":false},"excerpt":{"rendered":"<p>Absorci\u00f3n de impactos: La funda es capaz de absorber y dispersar los impactos para proteger el celular en caso de ca\u00eddas y golpes. Ajuste preciso: La funda encaja perfectamente con el modelo espec\u00edfico del celular, permitiendo un acceso f\u00e1cil y sin obstrucciones a todos los botones, puertos, c\u00e1maras y otras funciones del dispositivo. Protecci\u00f3n de [&#8230;]\n","protected":false},"featured_media":1150,"template":"","meta":[],"product_brand":[124],"product_cat":[135,35],"product_tag":[],"class_list":{"0":"post-1081","1":"product","2":"type-product","3":"status-publish","4":"has-post-thumbnail","6":"product_brand-novera","7":"product_cat-fundas","8":"product_cat-productos-electronicos","10":"first","11":"instock","12":"shipping-taxable","13":"purchasable","14":"product-type-variable"},"jetpack_sharing_enabled":true,"_links":{"self":[{"href":"https:\/\/wang.ar\/zh\/wp-json\/wp\/v2\/product\/1081","targetHints":{"allow":["GET"]}}],"collection":[{"href":"https:\/\/wang.ar\/zh\/wp-json\/wp\/v2\/product"}],"about":[{"href":"https:\/\/wang.ar\/zh\/wp-json\/wp\/v2\/types\/product"}],"wp:featuredmedia":[{"embeddable":true,"href":"https:\/\/wang.ar\/zh\/wp-json\/wp\/v2\/media\/1150"}],"wp:attachment":[{"href":"https:\/\/wang.ar\/zh\/wp-json\/wp\/v2\/media?parent=1081"}],"wp:term":[{"taxonomy":"product_brand","embeddable":true,"href":"https:\/\/wang.ar\/zh\/wp-json\/wp\/v2\/product_brand?post=1081"},{"taxonomy":"product_cat","embeddable":true,"href":"https:\/\/wang.ar\/zh\/wp-json\/wp\/v2\/product_cat?post=1081"},{"taxonomy":"product_tag","embeddable":true,"href":"https:\/\/wang.ar\/zh\/wp-json\/wp\/v2\/product_tag?post=1081"}],"curies":[{"name":"wp","href":"https:\/\/api.w.org\/{rel}","templated":true}]}}