{"id":1211,"date":"2026-03-04T12:48:41","date_gmt":"2026-03-04T15:48:41","guid":{"rendered":"https:\/\/wang.ar\/?post_type=product&#038;p=1211"},"modified":"2026-03-04T13:30:07","modified_gmt":"2026-03-04T16:30:07","slug":"soju-jinro","status":"publish","type":"product","link":"https:\/\/wang.ar\/zh\/product\/soju-jinro\/","title":{"rendered":"Soju Jinro"},"content":{"rendered":"<p>LiSoju Jinro es un destilado coreano <strong data-start=\"2774\" data-end=\"2832\">suave, limpio, de baja graduaci\u00f3n y muy f\u00e1cil de beber<\/strong>, l\u00edder mundial por su pureza y equilibrio. Combina tradici\u00f3n y t\u00e9cnica moderna, lo que lo convierte en un producto ideal tanto para gastronom\u00eda asi\u00e1tica como para consumo social.<\/p>","protected":false},"excerpt":{"rendered":"<p>Bebida alcoholica a base de arroz<\/p>","protected":false},"featured_media":1216,"template":"","meta":[],"product_brand":[],"product_cat":[33,16],"product_tag":[],"class_list":{"0":"post-1211","1":"product","2":"type-product","3":"status-publish","4":"has-post-thumbnail","6":"product_cat-bebida","7":"product_cat-comida","9":"first","10":"instock","11":"shipping-taxable","12":"purchasable","13":"product-type-variable"},"jetpack_sharing_enabled":true,"_links":{"self":[{"href":"https:\/\/wang.ar\/zh\/wp-json\/wp\/v2\/product\/1211","targetHints":{"allow":["GET"]}}],"collection":[{"href":"https:\/\/wang.ar\/zh\/wp-json\/wp\/v2\/product"}],"about":[{"href":"https:\/\/wang.ar\/zh\/wp-json\/wp\/v2\/types\/product"}],"wp:featuredmedia":[{"embeddable":true,"href":"https:\/\/wang.ar\/zh\/wp-json\/wp\/v2\/media\/1216"}],"wp:attachment":[{"href":"https:\/\/wang.ar\/zh\/wp-json\/wp\/v2\/media?parent=1211"}],"wp:term":[{"taxonomy":"product_brand","embeddable":true,"href":"https:\/\/wang.ar\/zh\/wp-json\/wp\/v2\/product_brand?post=1211"},{"taxonomy":"product_cat","embeddable":true,"href":"https:\/\/wang.ar\/zh\/wp-json\/wp\/v2\/product_cat?post=1211"},{"taxonomy":"product_tag","embeddable":true,"href":"https:\/\/wang.ar\/zh\/wp-json\/wp\/v2\/product_tag?post=1211"}],"curies":[{"name":"wp","href":"https:\/\/api.w.org\/{rel}","templated":true}]}}