{"id":1244,"date":"2026-03-04T16:05:27","date_gmt":"2026-03-04T19:05:27","guid":{"rendered":"https:\/\/wang.ar\/?post_type=product&#038;p=1244"},"modified":"2026-03-04T16:11:13","modified_gmt":"2026-03-04T19:11:13","slug":"soju-goodday","status":"publish","type":"product","link":"https:\/\/wang.ar\/zh\/product\/soju-goodday\/","title":{"rendered":"Soju GoodDay"},"content":{"rendered":"<p data-start=\"195\" data-end=\"574\">El <strong data-start=\"198\" data-end=\"215\">Soju Good Day<\/strong> es una bebida coreana suave y refrescante, ideal para quienes buscan un sabor ligero y f\u00e1cil de tomar. Con una graduaci\u00f3n alcoh\u00f3lica baja y un perfil ligeramente dulce, es perfecto para disfrutar fr\u00edo, en shots o en cocteles. Disponible en m\u00faltiples sabores frutales como <strong data-start=\"488\" data-end=\"532\">durazno, uva, mango, manzana verde y m\u00e1s<\/strong>, se destaca por su frescura y equilibrio.<\/p>","protected":false},"excerpt":{"rendered":"<p>Bebida alcoholica a base de arroz marca GoodDay<\/p>","protected":false},"featured_media":1273,"template":"","meta":[],"product_brand":[162],"product_cat":[33],"product_tag":[],"class_list":{"0":"post-1244","1":"product","2":"type-product","3":"status-publish","4":"has-post-thumbnail","6":"product_brand-goodday","7":"product_cat-bebida","9":"first","10":"instock","11":"shipping-taxable","12":"purchasable","13":"product-type-variable"},"jetpack_sharing_enabled":true,"_links":{"self":[{"href":"https:\/\/wang.ar\/zh\/wp-json\/wp\/v2\/product\/1244","targetHints":{"allow":["GET"]}}],"collection":[{"href":"https:\/\/wang.ar\/zh\/wp-json\/wp\/v2\/product"}],"about":[{"href":"https:\/\/wang.ar\/zh\/wp-json\/wp\/v2\/types\/product"}],"wp:featuredmedia":[{"embeddable":true,"href":"https:\/\/wang.ar\/zh\/wp-json\/wp\/v2\/media\/1273"}],"wp:attachment":[{"href":"https:\/\/wang.ar\/zh\/wp-json\/wp\/v2\/media?parent=1244"}],"wp:term":[{"taxonomy":"product_brand","embeddable":true,"href":"https:\/\/wang.ar\/zh\/wp-json\/wp\/v2\/product_brand?post=1244"},{"taxonomy":"product_cat","embeddable":true,"href":"https:\/\/wang.ar\/zh\/wp-json\/wp\/v2\/product_cat?post=1244"},{"taxonomy":"product_tag","embeddable":true,"href":"https:\/\/wang.ar\/zh\/wp-json\/wp\/v2\/product_tag?post=1244"}],"curies":[{"name":"wp","href":"https:\/\/api.w.org\/{rel}","templated":true}]}}