{"id":1274,"date":"2026-03-04T17:45:49","date_gmt":"2026-03-04T20:45:49","guid":{"rendered":"https:\/\/wang.ar\/?post_type=product&#038;p=1274"},"modified":"2026-03-04T17:45:49","modified_gmt":"2026-03-04T20:45:49","slug":"soju-chumchurum","status":"publish","type":"product","link":"https:\/\/wang.ar\/zh\/product\/soju-chumchurum\/","title":{"rendered":"Soju Chumchurum"},"content":{"rendered":"<p data-start=\"239\" data-end=\"551\">El <strong data-start=\"242\" data-end=\"262\">Soju Chum-Churum<\/strong> es una de las bebidas coreanas m\u00e1s reconocidas y apreciadas, famosa por su suavidad caracter\u00edstica. Elaborado por <strong data-start=\"377\" data-end=\"418\"><span class=\"hover:entity-accent entity-underline inline cursor-pointer align-baseline\"><span class=\"whitespace-normal\">Lotte Chilsung<\/span><\/span><\/strong>, este soju se destila con agua alcalina para lograr un perfil <strong data-start=\"481\" data-end=\"520\">m\u00e1s sedoso, ligero y f\u00e1cil de tomar<\/strong> que otros sojus tradicionales.<\/p>\n<p data-start=\"553\" data-end=\"754\">Su graduaci\u00f3n moderada y su sabor limpio lo convierten en la opci\u00f3n ideal tanto para quienes reci\u00e9n descubren el soju como para fan\u00e1ticos de la gastronom\u00eda coreana que buscan una experiencia aut\u00e9ntica.<\/p>","protected":false},"excerpt":{"rendered":"<p>Bebida alcoholica a base de arroz Chumchurum<\/p>","protected":false},"featured_media":1289,"template":"","meta":[],"product_brand":[163],"product_cat":[33],"product_tag":[],"class_list":{"0":"post-1274","1":"product","2":"type-product","3":"status-publish","4":"has-post-thumbnail","6":"product_brand-chumchurum","7":"product_cat-bebida","9":"first","10":"instock","11":"shipping-taxable","12":"purchasable","13":"product-type-variable"},"jetpack_sharing_enabled":true,"_links":{"self":[{"href":"https:\/\/wang.ar\/zh\/wp-json\/wp\/v2\/product\/1274","targetHints":{"allow":["GET"]}}],"collection":[{"href":"https:\/\/wang.ar\/zh\/wp-json\/wp\/v2\/product"}],"about":[{"href":"https:\/\/wang.ar\/zh\/wp-json\/wp\/v2\/types\/product"}],"wp:featuredmedia":[{"embeddable":true,"href":"https:\/\/wang.ar\/zh\/wp-json\/wp\/v2\/media\/1289"}],"wp:attachment":[{"href":"https:\/\/wang.ar\/zh\/wp-json\/wp\/v2\/media?parent=1274"}],"wp:term":[{"taxonomy":"product_brand","embeddable":true,"href":"https:\/\/wang.ar\/zh\/wp-json\/wp\/v2\/product_brand?post=1274"},{"taxonomy":"product_cat","embeddable":true,"href":"https:\/\/wang.ar\/zh\/wp-json\/wp\/v2\/product_cat?post=1274"},{"taxonomy":"product_tag","embeddable":true,"href":"https:\/\/wang.ar\/zh\/wp-json\/wp\/v2\/product_tag?post=1274"}],"curies":[{"name":"wp","href":"https:\/\/api.w.org\/{rel}","templated":true}]}}