{"id":1324,"date":"2026-03-09T15:12:09","date_gmt":"2026-03-09T18:12:09","guid":{"rendered":"https:\/\/wang.ar\/?post_type=product&#038;p=1324"},"modified":"2026-03-09T15:13:10","modified_gmt":"2026-03-09T18:13:10","slug":"monster-energy","status":"publish","type":"product","link":"https:\/\/wang.ar\/zh\/product\/monster-energy\/","title":{"rendered":"Monster Energy"},"content":{"rendered":"<article class=\"text-token-text-primary w-full focus:outline-none [--shadow-height:45px] has-data-writing-block:pointer-events-none has-data-writing-block:-mt-(--shadow-height) has-data-writing-block:pt-(--shadow-height) [&amp;:has([data-writing-block])&gt;*]:pointer-events-auto scroll-mt-(--header-height)\" dir=\"auto\" tabindex=\"-1\" data-turn-id=\"fb990d7f-2b10-4521-8dab-72808bf592f5\" data-testid=\"conversation-turn-1\" data-scroll-anchor=\"false\" data-turn=\"user\"><\/article>\n<article class=\"text-token-text-primary w-full focus:outline-none [--shadow-height:45px] has-data-writing-block:pointer-events-none has-data-writing-block:-mt-(--shadow-height) has-data-writing-block:pt-(--shadow-height) [&amp;:has([data-writing-block])&gt;*]:pointer-events-auto scroll-mt-[calc(var(--header-height)+min(200px,max(70px,20svh)))]\" dir=\"auto\" tabindex=\"-1\" data-turn-id=\"request-WEB:3249c832-243c-4a74-b828-936abc7b0f08-0\" data-testid=\"conversation-turn-2\" data-scroll-anchor=\"true\" data-turn=\"assistant\">\n<div class=\"text-base my-auto mx-auto pb-10 [--thread-content-margin:var(--thread-content-margin-xs,calc(var(--spacing)*4))] @w-sm\/main:[--thread-content-margin:var(--thread-content-margin-sm,calc(var(--spacing)*6))] @w-lg\/main:[--thread-content-margin:var(--thread-content-margin-lg,calc(var(--spacing)*16))] px-(--thread-content-margin)\">\n<div class=\"[--thread-content-max-width:40rem] @w-lg\/main:[--thread-content-max-width:48rem] mx-auto max-w-(--thread-content-max-width) flex-1 group\/turn-messages focus-visible:outline-hidden relative flex w-full min-w-0 flex-col agent-turn\" tabindex=\"-1\">\n<div class=\"flex max-w-full flex-col gap-4 grow\">\n<div class=\"min-h-8 text-message relative flex w-full flex-col items-end gap-2 text-start break-words whitespace-normal [.text-message+&amp;]:mt-1\" dir=\"auto\" data-message-author-role=\"assistant\" data-message-id=\"cc4fb027-096b-4dad-9a18-00b15b547f7e\" data-message-model-slug=\"gpt-5-3\">\n<div class=\"flex w-full flex-col gap-1 empty:hidden\">\n<div class=\"markdown prose dark:prose-invert w-full wrap-break-word dark markdown-new-styling\">\n<p data-start=\"0\" data-end=\"260\"><strong data-start=\"0\" data-end=\"41\"><span class=\"hover:entity-accent entity-underline inline cursor-pointer align-baseline\"><span class=\"whitespace-normal\">Monster Energy<\/span><\/span><\/strong> es una bebida energ\u00e9tica reconocida mundialmente por su potente combinaci\u00f3n de cafe\u00edna, taurina, vitaminas del complejo B y otros ingredientes dise\u00f1ados para brindar energ\u00eda, concentraci\u00f3n y resistencia durante el d\u00eda.<\/p>\n<p data-start=\"262\" data-end=\"555\">Con su caracter\u00edstico sabor intenso y refrescante, Monster Energy es ideal para quienes buscan un impulso adicional en jornadas largas de trabajo, estudio, deporte o actividades f\u00edsicas. Su f\u00f3rmula est\u00e1 pensada para mejorar el estado de alerta y mantener el rendimiento cuando m\u00e1s se necesita.<\/p>\n<p data-start=\"557\" data-end=\"788\">Presentada en su ic\u00f3nica lata con dise\u00f1o negro y el famoso logo de la \u201cgarra\u201d, esta bebida se ha convertido en un s\u00edmbolo de energ\u00eda y estilo de vida activo, muy popular entre deportistas, gamers y amantes de los deportes extremos.<\/p>\n<\/div>\n<\/div>\n<\/div>\n<\/div>\n<\/div>\n<\/div>\n<\/article>\n","protected":false},"excerpt":{"rendered":"<p>Monster Energy importadas de Brasil<\/p>","protected":false},"featured_media":1336,"template":"","meta":[],"product_brand":[],"product_cat":[33,16],"product_tag":[],"class_list":{"0":"post-1324","1":"product","2":"type-product","3":"status-publish","4":"has-post-thumbnail","6":"product_cat-bebida","7":"product_cat-comida","9":"first","10":"instock","11":"shipping-taxable","12":"purchasable","13":"product-type-variable"},"jetpack_sharing_enabled":true,"_links":{"self":[{"href":"https:\/\/wang.ar\/zh\/wp-json\/wp\/v2\/product\/1324","targetHints":{"allow":["GET"]}}],"collection":[{"href":"https:\/\/wang.ar\/zh\/wp-json\/wp\/v2\/product"}],"about":[{"href":"https:\/\/wang.ar\/zh\/wp-json\/wp\/v2\/types\/product"}],"wp:featuredmedia":[{"embeddable":true,"href":"https:\/\/wang.ar\/zh\/wp-json\/wp\/v2\/media\/1336"}],"wp:attachment":[{"href":"https:\/\/wang.ar\/zh\/wp-json\/wp\/v2\/media?parent=1324"}],"wp:term":[{"taxonomy":"product_brand","embeddable":true,"href":"https:\/\/wang.ar\/zh\/wp-json\/wp\/v2\/product_brand?post=1324"},{"taxonomy":"product_cat","embeddable":true,"href":"https:\/\/wang.ar\/zh\/wp-json\/wp\/v2\/product_cat?post=1324"},{"taxonomy":"product_tag","embeddable":true,"href":"https:\/\/wang.ar\/zh\/wp-json\/wp\/v2\/product_tag?post=1324"}],"curies":[{"name":"wp","href":"https:\/\/api.w.org\/{rel}","templated":true}]}}