{"id":1507,"date":"2026-04-03T10:46:07","date_gmt":"2026-04-03T13:46:07","guid":{"rendered":"https:\/\/wang.ar\/?post_type=product&#038;p=1507"},"modified":"2026-04-03T10:47:12","modified_gmt":"2026-04-03T13:47:12","slug":"wang-lao-ji-24-u-caja","status":"publish","type":"product","link":"https:\/\/wang.ar\/zh\/product\/wang-lao-ji-24-u-caja\/","title":{"rendered":"Wang Lao Ji 24 u\/caja"},"content":{"rendered":"<p data-start=\"54\" data-end=\"263\">Descubr\u00ed el aut\u00e9ntico sabor de Oriente con <span class=\"hover:entity-accent entity-underline inline cursor-pointer align-baseline\"><span class=\"whitespace-normal\">Wang Lao Ji<\/span><\/span>, una tradicional bebida herbal china reconocida por sus propiedades refrescantes y su f\u00f3rmula \u00fanica a base de hierbas naturales.<\/p>\n<p data-start=\"265\" data-end=\"515\">Elaborado siguiendo recetas milenarias de la medicina tradicional china, este t\u00e9 listo para beber combina ingredientes cuidadosamente seleccionados que ayudan a equilibrar el organismo, especialmente en d\u00edas calurosos o despu\u00e9s de comidas abundantes.<\/p>","protected":false},"excerpt":{"rendered":"<p>Descubr\u00ed el aut\u00e9ntico sabor de Oriente con Wang Lao Ji, una tradicional bebida herbal china reconocida por sus propiedades refrescantes y su f\u00f3rmula \u00fanica a base de hierbas naturales. Elaborado siguiendo recetas milenarias de la medicina tradicional china, este t\u00e9 listo para beber combina ingredientes cuidadosamente seleccionados que ayudan a equilibrar el organismo, especialmente en [&#8230;]\n","protected":false},"featured_media":1508,"template":"","meta":[],"product_brand":[],"product_cat":[33],"product_tag":[],"class_list":{"0":"post-1507","1":"product","2":"type-product","3":"status-publish","4":"has-post-thumbnail","6":"product_cat-bebida","8":"first","9":"instock","10":"shipping-taxable","11":"purchasable","12":"product-type-simple"},"jetpack_sharing_enabled":true,"_links":{"self":[{"href":"https:\/\/wang.ar\/zh\/wp-json\/wp\/v2\/product\/1507","targetHints":{"allow":["GET"]}}],"collection":[{"href":"https:\/\/wang.ar\/zh\/wp-json\/wp\/v2\/product"}],"about":[{"href":"https:\/\/wang.ar\/zh\/wp-json\/wp\/v2\/types\/product"}],"wp:featuredmedia":[{"embeddable":true,"href":"https:\/\/wang.ar\/zh\/wp-json\/wp\/v2\/media\/1508"}],"wp:attachment":[{"href":"https:\/\/wang.ar\/zh\/wp-json\/wp\/v2\/media?parent=1507"}],"wp:term":[{"taxonomy":"product_brand","embeddable":true,"href":"https:\/\/wang.ar\/zh\/wp-json\/wp\/v2\/product_brand?post=1507"},{"taxonomy":"product_cat","embeddable":true,"href":"https:\/\/wang.ar\/zh\/wp-json\/wp\/v2\/product_cat?post=1507"},{"taxonomy":"product_tag","embeddable":true,"href":"https:\/\/wang.ar\/zh\/wp-json\/wp\/v2\/product_tag?post=1507"}],"curies":[{"name":"wp","href":"https:\/\/api.w.org\/{rel}","templated":true}]}}