{"id":489,"date":"2025-12-11T13:34:22","date_gmt":"2025-12-11T16:34:22","guid":{"rendered":"https:\/\/wang.ar\/?post_type=product&#038;p=489"},"modified":"2025-12-12T15:28:55","modified_gmt":"2025-12-12T18:28:55","slug":"auto-de-radio-cafini-cn-um36405_f","status":"publish","type":"product","link":"https:\/\/wang.ar\/zh\/product\/auto-de-radio-cafini-cn-um36405_f\/","title":{"rendered":"CAFINI\u8f66\u8f7d\u6536\u97f3\u673aCN-UM36405_F"},"content":{"rendered":"<p><b>Tama\u00f1o: 180*83*105 MM <\/b><\/p>\n<p><b>Pantalla t\u00e1ctil resistiva de 7 pulgadas\/MP5\/USB*1\/TF\/AUX\/FM\/BT\/ <\/b><\/p>\n<p><b>interconexi\u00f3n de tel\u00e9fono m\u00f3vil\/salida de alta potencia 55Wx4\/ <\/b><\/p>\n<p><b>entrada y salida de video\/entrada de c\u00e1mara de visi\u00f3n trasera\/CC 12 V<\/b><\/p>","protected":false},"excerpt":{"rendered":"<p>Tama\u00f1o: 180*83*105 MM Pantalla t\u00e1ctil resistiva de 7 pulgadas\/MP5\/USB*1\/TF\/AUX\/FM\/BT\/ interconexi\u00f3n de tel\u00e9fono m\u00f3vil\/salida de alta potencia 55Wx4\/ entrada y salida de video\/entrada de c\u00e1mara de visi\u00f3n trasera\/CC 12 V<\/p>","protected":false},"featured_media":490,"template":"","meta":[],"product_brand":[36],"product_cat":[35,75],"product_tag":[],"class_list":{"0":"post-489","1":"product","2":"type-product","3":"status-publish","4":"has-post-thumbnail","6":"product_brand-cafini","7":"product_cat-productos-electronicos","8":"product_cat-radio","10":"first","11":"instock","12":"shipping-taxable","13":"purchasable","14":"product-type-simple"},"jetpack_sharing_enabled":true,"_links":{"self":[{"href":"https:\/\/wang.ar\/zh\/wp-json\/wp\/v2\/product\/489","targetHints":{"allow":["GET"]}}],"collection":[{"href":"https:\/\/wang.ar\/zh\/wp-json\/wp\/v2\/product"}],"about":[{"href":"https:\/\/wang.ar\/zh\/wp-json\/wp\/v2\/types\/product"}],"wp:featuredmedia":[{"embeddable":true,"href":"https:\/\/wang.ar\/zh\/wp-json\/wp\/v2\/media\/490"}],"wp:attachment":[{"href":"https:\/\/wang.ar\/zh\/wp-json\/wp\/v2\/media?parent=489"}],"wp:term":[{"taxonomy":"product_brand","embeddable":true,"href":"https:\/\/wang.ar\/zh\/wp-json\/wp\/v2\/product_brand?post=489"},{"taxonomy":"product_cat","embeddable":true,"href":"https:\/\/wang.ar\/zh\/wp-json\/wp\/v2\/product_cat?post=489"},{"taxonomy":"product_tag","embeddable":true,"href":"https:\/\/wang.ar\/zh\/wp-json\/wp\/v2\/product_tag?post=489"}],"curies":[{"name":"wp","href":"https:\/\/api.w.org\/{rel}","templated":true}]}}