{"id":495,"date":"2025-12-11T13:56:11","date_gmt":"2025-12-11T16:56:11","guid":{"rendered":"https:\/\/wang.ar\/?post_type=product&#038;p=495"},"modified":"2025-12-12T15:01:25","modified_gmt":"2025-12-12T18:01:25","slug":"parlante-lidimi-d-s656","status":"publish","type":"product","link":"https:\/\/wang.ar\/zh\/product\/parlante-lidimi-d-s656\/","title":{"rendered":"PARLANTE LIDIMI D-S656"},"content":{"rendered":"<p><b>Tama\u00f1o: 13.9*27.6*18 CM <\/b><\/p>\n<p><b>Versi\u00f3n bluetooth: 5.4 Altavoz: 5 pulgadas*2 + 1,5 pulgadas*2 <\/b><\/p>\n<p><b>Bateria:6* 4500mah (s24000) Potencia:150w(s120) <\/b><\/p>\n<p><b>Funci\u00f3n: Bluetooth\/TWS \/USB\/aux\/TF \/ mobile Power \/ <\/b><\/p>\n<p><b>Fast charge Carga r\u00e1pida: 45w<\/b><\/p>","protected":false},"excerpt":{"rendered":"<p>Tama\u00f1o: 13.9*27.6*18 CM Versi\u00f3n bluetooth: 5.4 Altavoz: 5 pulgadas*2 + 1,5 pulgadas*2 Bateria:6* 4500mah (s24000) Potencia:150w(s120) Funci\u00f3n: Bluetooth\/TWS \/USB\/aux\/TF \/ mobile Power \/ Fast charge Carga r\u00e1pida: 45w<\/p>","protected":false},"featured_media":496,"template":"","meta":[],"product_brand":[42],"product_cat":[40,35],"product_tag":[],"class_list":{"0":"post-495","1":"product","2":"type-product","3":"status-publish","4":"has-post-thumbnail","6":"product_brand-lidimi","7":"product_cat-parlante","8":"product_cat-productos-electronicos","10":"first","11":"instock","12":"shipping-taxable","13":"purchasable","14":"product-type-simple"},"jetpack_sharing_enabled":true,"_links":{"self":[{"href":"https:\/\/wang.ar\/zh\/wp-json\/wp\/v2\/product\/495","targetHints":{"allow":["GET"]}}],"collection":[{"href":"https:\/\/wang.ar\/zh\/wp-json\/wp\/v2\/product"}],"about":[{"href":"https:\/\/wang.ar\/zh\/wp-json\/wp\/v2\/types\/product"}],"wp:featuredmedia":[{"embeddable":true,"href":"https:\/\/wang.ar\/zh\/wp-json\/wp\/v2\/media\/496"}],"wp:attachment":[{"href":"https:\/\/wang.ar\/zh\/wp-json\/wp\/v2\/media?parent=495"}],"wp:term":[{"taxonomy":"product_brand","embeddable":true,"href":"https:\/\/wang.ar\/zh\/wp-json\/wp\/v2\/product_brand?post=495"},{"taxonomy":"product_cat","embeddable":true,"href":"https:\/\/wang.ar\/zh\/wp-json\/wp\/v2\/product_cat?post=495"},{"taxonomy":"product_tag","embeddable":true,"href":"https:\/\/wang.ar\/zh\/wp-json\/wp\/v2\/product_tag?post=495"}],"curies":[{"name":"wp","href":"https:\/\/api.w.org\/{rel}","templated":true}]}}