{"id":503,"date":"2025-12-11T14:09:15","date_gmt":"2025-12-11T17:09:15","guid":{"rendered":"https:\/\/wang.ar\/?post_type=product&#038;p=503"},"modified":"2025-12-12T15:01:25","modified_gmt":"2025-12-12T18:01:25","slug":"parlante-lidimi-ld-s616","status":"publish","type":"product","link":"https:\/\/wang.ar\/zh\/product\/parlante-lidimi-ld-s616\/","title":{"rendered":"PARLANTE LIDIMI LD-S616"},"content":{"rendered":"<p><b>Tama\u00f1o: 41*16.7*18.5 CM <\/b><\/p>\n<p><b>Conexi\u00f3n bluetooth, Tarieta tf,memoria usb,musica de <\/b><\/p>\n<p><b>reproducci\u00f3n aux,interruptor de efecto de luz, par Bluetooth tws, <\/b><\/p>\n<p><b>bateria de litio:2000*6*2=24000mah potencia:70w<\/b><\/p>","protected":false},"excerpt":{"rendered":"<p>Tama\u00f1o: 41*16.7*18.5 CM Conexi\u00f3n bluetooth, Tarieta tf,memoria usb,musica de reproducci\u00f3n aux,interruptor de efecto de luz, par Bluetooth tws, bateria de litio:2000*6*2=24000mah potencia:70w<\/p>","protected":false},"featured_media":504,"template":"","meta":[],"product_brand":[42],"product_cat":[40,35],"product_tag":[],"class_list":{"0":"post-503","1":"product","2":"type-product","3":"status-publish","4":"has-post-thumbnail","6":"product_brand-lidimi","7":"product_cat-parlante","8":"product_cat-productos-electronicos","10":"first","11":"instock","12":"shipping-taxable","13":"purchasable","14":"product-type-simple"},"jetpack_sharing_enabled":true,"_links":{"self":[{"href":"https:\/\/wang.ar\/zh\/wp-json\/wp\/v2\/product\/503","targetHints":{"allow":["GET"]}}],"collection":[{"href":"https:\/\/wang.ar\/zh\/wp-json\/wp\/v2\/product"}],"about":[{"href":"https:\/\/wang.ar\/zh\/wp-json\/wp\/v2\/types\/product"}],"wp:featuredmedia":[{"embeddable":true,"href":"https:\/\/wang.ar\/zh\/wp-json\/wp\/v2\/media\/504"}],"wp:attachment":[{"href":"https:\/\/wang.ar\/zh\/wp-json\/wp\/v2\/media?parent=503"}],"wp:term":[{"taxonomy":"product_brand","embeddable":true,"href":"https:\/\/wang.ar\/zh\/wp-json\/wp\/v2\/product_brand?post=503"},{"taxonomy":"product_cat","embeddable":true,"href":"https:\/\/wang.ar\/zh\/wp-json\/wp\/v2\/product_cat?post=503"},{"taxonomy":"product_tag","embeddable":true,"href":"https:\/\/wang.ar\/zh\/wp-json\/wp\/v2\/product_tag?post=503"}],"curies":[{"name":"wp","href":"https:\/\/api.w.org\/{rel}","templated":true}]}}