{"id":505,"date":"2025-12-11T14:12:26","date_gmt":"2025-12-11T17:12:26","guid":{"rendered":"https:\/\/wang.ar\/?post_type=product&#038;p=505"},"modified":"2025-12-12T15:01:26","modified_gmt":"2025-12-12T18:01:26","slug":"parlante-lidimi-ld-s625","status":"publish","type":"product","link":"https:\/\/wang.ar\/zh\/product\/parlante-lidimi-ld-s625\/","title":{"rendered":"PARLANTE LIDIMI LD-S625"},"content":{"rendered":"<p><b>Tama\u00f1o: 23*10*10 CM <\/b><\/p>\n<p><b>Altavoz: 2,25 pulgadas * 2 <\/b><\/p>\n<p><b>Potencia:2*10w <\/b><\/p>\n<p><b>Bateria:2*2000mah(s1.5) <\/b><\/p>\n<p><b>Funci\u00f3n:empareiamiento tws,recepci\u00f3n fm, tarjeta tf, AUX, USB, <\/b><\/p>\n<p><b>lmpermeabilizaci\u00f3n de la vida, luz RGB<\/b><\/p>","protected":false},"excerpt":{"rendered":"<p>Tama\u00f1o: 23*10*10 CM Altavoz: 2,25 pulgadas * 2 Potencia:2*10w Bateria:2*2000mah(s1.5) Funci\u00f3n:empareiamiento tws,recepci\u00f3n fm, tarjeta tf, AUX, USB, lmpermeabilizaci\u00f3n de la vida, luz RGB<\/p>","protected":false},"featured_media":506,"template":"","meta":[],"product_brand":[42],"product_cat":[40,35],"product_tag":[],"class_list":{"0":"post-505","1":"product","2":"type-product","3":"status-publish","4":"has-post-thumbnail","6":"product_brand-lidimi","7":"product_cat-parlante","8":"product_cat-productos-electronicos","10":"first","11":"instock","12":"shipping-taxable","13":"purchasable","14":"product-type-simple"},"jetpack_sharing_enabled":true,"_links":{"self":[{"href":"https:\/\/wang.ar\/zh\/wp-json\/wp\/v2\/product\/505","targetHints":{"allow":["GET"]}}],"collection":[{"href":"https:\/\/wang.ar\/zh\/wp-json\/wp\/v2\/product"}],"about":[{"href":"https:\/\/wang.ar\/zh\/wp-json\/wp\/v2\/types\/product"}],"wp:featuredmedia":[{"embeddable":true,"href":"https:\/\/wang.ar\/zh\/wp-json\/wp\/v2\/media\/506"}],"wp:attachment":[{"href":"https:\/\/wang.ar\/zh\/wp-json\/wp\/v2\/media?parent=505"}],"wp:term":[{"taxonomy":"product_brand","embeddable":true,"href":"https:\/\/wang.ar\/zh\/wp-json\/wp\/v2\/product_brand?post=505"},{"taxonomy":"product_cat","embeddable":true,"href":"https:\/\/wang.ar\/zh\/wp-json\/wp\/v2\/product_cat?post=505"},{"taxonomy":"product_tag","embeddable":true,"href":"https:\/\/wang.ar\/zh\/wp-json\/wp\/v2\/product_tag?post=505"}],"curies":[{"name":"wp","href":"https:\/\/api.w.org\/{rel}","templated":true}]}}