{"id":519,"date":"2025-12-11T15:25:39","date_gmt":"2025-12-11T18:25:39","guid":{"rendered":"https:\/\/wang.ar\/?post_type=product&#038;p=519"},"modified":"2025-12-12T15:01:26","modified_gmt":"2025-12-12T18:01:26","slug":"parlante-lidimi-ld-s703","status":"publish","type":"product","link":"https:\/\/wang.ar\/zh\/product\/parlante-lidimi-ld-s703\/","title":{"rendered":"PARLANTE LIDIMI LD-S703"},"content":{"rendered":"<p><b>Tama\u00f1o: 3.7*6.24*6.24 CM <\/b><\/p>\n<p><b>Esquema bluetooth: bateria Jili 5.3:800mah <\/b><\/p>\n<p><b>Potencia 5.w*1 <\/b><\/p>\n<p><b>Bocina 40 mm <\/b><\/p>\n<p><b>Tiempo de reproducci\u00f3n: 5 horas <\/b><\/p>\n<p><b>Sensibilidad:&gt;80db <\/b><\/p>\n<p><b>Distorsi\u00f3n: 0,1% <\/b><\/p>\n<p><b>Funci\u00f3n: TWS BT<\/b><\/p>","protected":false},"excerpt":{"rendered":"<p>Tama\u00f1o: 3.7*6.24*6.24 CM Esquema bluetooth: bateria Jili 5.3:800mah Potencia 5.w*1 Bocina 40 mm Tiempo de reproducci\u00f3n: 5 horas Sensibilidad:&gt;80db Distorsi\u00f3n: 0,1% Funci\u00f3n: TWS BT<\/p>","protected":false},"featured_media":520,"template":"","meta":[],"product_brand":[42],"product_cat":[40,35],"product_tag":[],"class_list":{"0":"post-519","1":"product","2":"type-product","3":"status-publish","4":"has-post-thumbnail","6":"product_brand-lidimi","7":"product_cat-parlante","8":"product_cat-productos-electronicos","10":"first","11":"instock","12":"shipping-taxable","13":"purchasable","14":"product-type-simple"},"jetpack_sharing_enabled":true,"_links":{"self":[{"href":"https:\/\/wang.ar\/zh\/wp-json\/wp\/v2\/product\/519","targetHints":{"allow":["GET"]}}],"collection":[{"href":"https:\/\/wang.ar\/zh\/wp-json\/wp\/v2\/product"}],"about":[{"href":"https:\/\/wang.ar\/zh\/wp-json\/wp\/v2\/types\/product"}],"wp:featuredmedia":[{"embeddable":true,"href":"https:\/\/wang.ar\/zh\/wp-json\/wp\/v2\/media\/520"}],"wp:attachment":[{"href":"https:\/\/wang.ar\/zh\/wp-json\/wp\/v2\/media?parent=519"}],"wp:term":[{"taxonomy":"product_brand","embeddable":true,"href":"https:\/\/wang.ar\/zh\/wp-json\/wp\/v2\/product_brand?post=519"},{"taxonomy":"product_cat","embeddable":true,"href":"https:\/\/wang.ar\/zh\/wp-json\/wp\/v2\/product_cat?post=519"},{"taxonomy":"product_tag","embeddable":true,"href":"https:\/\/wang.ar\/zh\/wp-json\/wp\/v2\/product_tag?post=519"}],"curies":[{"name":"wp","href":"https:\/\/api.w.org\/{rel}","templated":true}]}}