{"id":528,"date":"2025-12-11T16:22:23","date_gmt":"2025-12-11T19:22:23","guid":{"rendered":"https:\/\/wang.ar\/?post_type=product&#038;p=528"},"modified":"2025-12-12T15:01:26","modified_gmt":"2025-12-12T18:01:26","slug":"parlante-lidimi-ld-s820","status":"publish","type":"product","link":"https:\/\/wang.ar\/zh\/product\/parlante-lidimi-ld-s820\/","title":{"rendered":"PARLANTE LIDIMI LD-S820"},"content":{"rendered":"<p><b>Tama\u00f1o: 12*5.6*9.6 CM <\/b><\/p>\n<p><b>1.esquema bluetooth: Jieli 5.3 <\/b><\/p>\n<p><b>2.tamano del altavoz: 2,25 pulgadas *1 <\/b><\/p>\n<p><b>3.baterla: 5000mah(s4.8) <\/b><\/p>\n<p><b>4.potencia:10w*1(s8w *1) <\/b><\/p>\n<p><b>5.funciones: radio, tarjeta tf, memoria usb, luz TWS rgb, con funci\u00f3n de banco de energia <\/b><\/p>\n<p><b>6.funci\u00f3n del Banco de energia: port\u00e1til,con cable Lightning y cable ype -c, <\/b><\/p>\n<p><b>bateria 5000mah(s4.8).<\/b><\/p>","protected":false},"excerpt":{"rendered":"<p>Tama\u00f1o: 12*5.6*9.6 CM 1.esquema bluetooth: Jieli 5.3 2.tamano del altavoz: 2,25 pulgadas *1 3.baterla: 5000mah(s4.8) 4.potencia:10w*1(s8w *1) 5.funciones: radio, tarjeta tf, memoria usb, luz TWS rgb, con funci\u00f3n de banco de energia 6.funci\u00f3n del Banco de energia: port\u00e1til,con cable Lightning y cable ype -c, bateria 5000mah(s4.8).<\/p>","protected":false},"featured_media":529,"template":"","meta":[],"product_brand":[42],"product_cat":[40,35],"product_tag":[],"class_list":{"0":"post-528","1":"product","2":"type-product","3":"status-publish","4":"has-post-thumbnail","6":"product_brand-lidimi","7":"product_cat-parlante","8":"product_cat-productos-electronicos","10":"first","11":"instock","12":"shipping-taxable","13":"purchasable","14":"product-type-simple"},"jetpack_sharing_enabled":true,"_links":{"self":[{"href":"https:\/\/wang.ar\/zh\/wp-json\/wp\/v2\/product\/528","targetHints":{"allow":["GET"]}}],"collection":[{"href":"https:\/\/wang.ar\/zh\/wp-json\/wp\/v2\/product"}],"about":[{"href":"https:\/\/wang.ar\/zh\/wp-json\/wp\/v2\/types\/product"}],"wp:featuredmedia":[{"embeddable":true,"href":"https:\/\/wang.ar\/zh\/wp-json\/wp\/v2\/media\/529"}],"wp:attachment":[{"href":"https:\/\/wang.ar\/zh\/wp-json\/wp\/v2\/media?parent=528"}],"wp:term":[{"taxonomy":"product_brand","embeddable":true,"href":"https:\/\/wang.ar\/zh\/wp-json\/wp\/v2\/product_brand?post=528"},{"taxonomy":"product_cat","embeddable":true,"href":"https:\/\/wang.ar\/zh\/wp-json\/wp\/v2\/product_cat?post=528"},{"taxonomy":"product_tag","embeddable":true,"href":"https:\/\/wang.ar\/zh\/wp-json\/wp\/v2\/product_tag?post=528"}],"curies":[{"name":"wp","href":"https:\/\/api.w.org\/{rel}","templated":true}]}}