{"id":534,"date":"2025-12-11T16:35:25","date_gmt":"2025-12-11T19:35:25","guid":{"rendered":"https:\/\/wang.ar\/?post_type=product&#038;p=534"},"modified":"2025-12-12T15:01:26","modified_gmt":"2025-12-12T18:01:26","slug":"parlante-lidimi-ld-s841","status":"publish","type":"product","link":"https:\/\/wang.ar\/zh\/product\/parlante-lidimi-ld-s841\/","title":{"rendered":"PARLANTE LIDIMI LD-S841"},"content":{"rendered":"<p><b>Tama\u00f1o: 16.2*10.3*11.1 CM <\/b><\/p>\n<p><b>Bluetooth del tel\u00e9fono m\u00f3vil, tarjeta de enchufe tf,interfaz usb, <\/b><b>radio <\/b><b>fm, serie tws. <\/b><\/p>\n<p><b>Efecto de luz rgb, con bateria de litio1500mah(s1.2)14500<\/b><\/p>","protected":false},"excerpt":{"rendered":"<p>Tama\u00f1o: 16.2*10.3*11.1 CM Bluetooth del tel\u00e9fono m\u00f3vil, tarjeta de enchufe tf,interfaz usb, radio fm, serie tws. Efecto de luz rgb, con bateria de litio1500mah(s1.2)14500<\/p>","protected":false},"featured_media":535,"template":"","meta":[],"product_brand":[42],"product_cat":[40,35],"product_tag":[],"class_list":{"0":"post-534","1":"product","2":"type-product","3":"status-publish","4":"has-post-thumbnail","6":"product_brand-lidimi","7":"product_cat-parlante","8":"product_cat-productos-electronicos","10":"first","11":"instock","12":"shipping-taxable","13":"purchasable","14":"product-type-simple"},"jetpack_sharing_enabled":true,"_links":{"self":[{"href":"https:\/\/wang.ar\/zh\/wp-json\/wp\/v2\/product\/534","targetHints":{"allow":["GET"]}}],"collection":[{"href":"https:\/\/wang.ar\/zh\/wp-json\/wp\/v2\/product"}],"about":[{"href":"https:\/\/wang.ar\/zh\/wp-json\/wp\/v2\/types\/product"}],"wp:featuredmedia":[{"embeddable":true,"href":"https:\/\/wang.ar\/zh\/wp-json\/wp\/v2\/media\/535"}],"wp:attachment":[{"href":"https:\/\/wang.ar\/zh\/wp-json\/wp\/v2\/media?parent=534"}],"wp:term":[{"taxonomy":"product_brand","embeddable":true,"href":"https:\/\/wang.ar\/zh\/wp-json\/wp\/v2\/product_brand?post=534"},{"taxonomy":"product_cat","embeddable":true,"href":"https:\/\/wang.ar\/zh\/wp-json\/wp\/v2\/product_cat?post=534"},{"taxonomy":"product_tag","embeddable":true,"href":"https:\/\/wang.ar\/zh\/wp-json\/wp\/v2\/product_tag?post=534"}],"curies":[{"name":"wp","href":"https:\/\/api.w.org\/{rel}","templated":true}]}}