{"id":538,"date":"2025-12-11T16:42:57","date_gmt":"2025-12-11T19:42:57","guid":{"rendered":"https:\/\/wang.ar\/?post_type=product&#038;p=538"},"modified":"2025-12-12T15:01:26","modified_gmt":"2025-12-12T18:01:26","slug":"parlante-lidimi-ld-s846","status":"publish","type":"product","link":"https:\/\/wang.ar\/zh\/product\/parlante-lidimi-ld-s846\/","title":{"rendered":"PARLANTE LIDIMI LD-S846"},"content":{"rendered":"<p><b>Tama\u00f1o: 46*19.6*23.2 CM <\/b><\/p>\n<p><b>Versi\u00f3n bluetooth: 5.3 <\/b><\/p>\n<p><b>Potencia total: 300w(s200) <\/b><\/p>\n<p><b>Tensi\u00f3n de funcionamiento: DC 12V Bateria: 30.000 Mah (s24.000) <\/b><\/p>\n<p><b>Bajo*1 tamano:135mm*1 <\/b><\/p>\n<p><b>Altavoces *1tamano:78 mm*2 <\/b><\/p>\n<p><b>Soporte para mp3, WMA<\/b>\u3001<b>TF<\/b>\u3001<b>AUX<\/b>\u3001<b> Con funci\u00f3n de alimentaci\u00f3n m\u00f3vil, soporte <\/b><\/p>\n<p><b>para tel\u00e9fonos m\u00f3viles, LEDFunci\u00f3n de carga r\u00a1pida de emparejamiento y 20w<\/b><\/p>","protected":false},"excerpt":{"rendered":"<p>Tama\u00f1o: 46*19.6*23.2 CM Versi\u00f3n bluetooth: 5.3 Potencia total: 300w(s200) Tensi\u00f3n de funcionamiento: DC 12V Bateria: 30.000 Mah (s24.000) Bajo*1 tamano:135mm*1 Altavoces *1tamano:78 mm*2 Soporte para mp3, WMA\u3001TF\u3001AUX\u3001 Con funci\u00f3n de alimentaci\u00f3n m\u00f3vil, soporte para tel\u00e9fonos m\u00f3viles, LEDFunci\u00f3n de carga r\u00a1pida de emparejamiento y 20w<\/p>","protected":false},"featured_media":539,"template":"","meta":[],"product_brand":[42],"product_cat":[40,35],"product_tag":[],"class_list":{"0":"post-538","1":"product","2":"type-product","3":"status-publish","4":"has-post-thumbnail","6":"product_brand-lidimi","7":"product_cat-parlante","8":"product_cat-productos-electronicos","10":"first","11":"instock","12":"shipping-taxable","13":"purchasable","14":"product-type-simple"},"jetpack_sharing_enabled":true,"_links":{"self":[{"href":"https:\/\/wang.ar\/zh\/wp-json\/wp\/v2\/product\/538","targetHints":{"allow":["GET"]}}],"collection":[{"href":"https:\/\/wang.ar\/zh\/wp-json\/wp\/v2\/product"}],"about":[{"href":"https:\/\/wang.ar\/zh\/wp-json\/wp\/v2\/types\/product"}],"wp:featuredmedia":[{"embeddable":true,"href":"https:\/\/wang.ar\/zh\/wp-json\/wp\/v2\/media\/539"}],"wp:attachment":[{"href":"https:\/\/wang.ar\/zh\/wp-json\/wp\/v2\/media?parent=538"}],"wp:term":[{"taxonomy":"product_brand","embeddable":true,"href":"https:\/\/wang.ar\/zh\/wp-json\/wp\/v2\/product_brand?post=538"},{"taxonomy":"product_cat","embeddable":true,"href":"https:\/\/wang.ar\/zh\/wp-json\/wp\/v2\/product_cat?post=538"},{"taxonomy":"product_tag","embeddable":true,"href":"https:\/\/wang.ar\/zh\/wp-json\/wp\/v2\/product_tag?post=538"}],"curies":[{"name":"wp","href":"https:\/\/api.w.org\/{rel}","templated":true}]}}