{"id":540,"date":"2025-12-11T16:46:34","date_gmt":"2025-12-11T19:46:34","guid":{"rendered":"https:\/\/wang.ar\/?post_type=product&#038;p=540"},"modified":"2025-12-12T15:01:26","modified_gmt":"2025-12-12T18:01:26","slug":"parlante-lidimi-ld-s847","status":"publish","type":"product","link":"https:\/\/wang.ar\/zh\/product\/parlante-lidimi-ld-s847\/","title":{"rendered":"PARLANTE LIDIMI LD-S847"},"content":{"rendered":"<p><b>Tama\u00f1o: 12.2*9.2*6.5 CM <\/b><\/p>\n<p><b>Versi\u00f3n bluetooth:5.3 Bocina:2 pulgadas <\/b><\/p>\n<p><b>Bateria:5000mah(s4.8) Potencia:10w*1(s8w*1) <\/b><\/p>\n<p><b>Funci\u00f3n: radio, tarjeta tf, memoria usb, luz TWS rgb, con funci\u00f3n de banco de energia<\/b><\/p>","protected":false},"excerpt":{"rendered":"<p>Tama\u00f1o: 12.2*9.2*6.5 CM Versi\u00f3n bluetooth:5.3 Bocina:2 pulgadas Bateria:5000mah(s4.8) Potencia:10w*1(s8w*1) Funci\u00f3n: radio, tarjeta tf, memoria usb, luz TWS rgb, con funci\u00f3n de banco de energia<\/p>","protected":false},"featured_media":541,"template":"","meta":[],"product_brand":[42],"product_cat":[40,35],"product_tag":[],"class_list":{"0":"post-540","1":"product","2":"type-product","3":"status-publish","4":"has-post-thumbnail","6":"product_brand-lidimi","7":"product_cat-parlante","8":"product_cat-productos-electronicos","10":"first","11":"instock","12":"shipping-taxable","13":"purchasable","14":"product-type-simple"},"jetpack_sharing_enabled":true,"_links":{"self":[{"href":"https:\/\/wang.ar\/zh\/wp-json\/wp\/v2\/product\/540","targetHints":{"allow":["GET"]}}],"collection":[{"href":"https:\/\/wang.ar\/zh\/wp-json\/wp\/v2\/product"}],"about":[{"href":"https:\/\/wang.ar\/zh\/wp-json\/wp\/v2\/types\/product"}],"wp:featuredmedia":[{"embeddable":true,"href":"https:\/\/wang.ar\/zh\/wp-json\/wp\/v2\/media\/541"}],"wp:attachment":[{"href":"https:\/\/wang.ar\/zh\/wp-json\/wp\/v2\/media?parent=540"}],"wp:term":[{"taxonomy":"product_brand","embeddable":true,"href":"https:\/\/wang.ar\/zh\/wp-json\/wp\/v2\/product_brand?post=540"},{"taxonomy":"product_cat","embeddable":true,"href":"https:\/\/wang.ar\/zh\/wp-json\/wp\/v2\/product_cat?post=540"},{"taxonomy":"product_tag","embeddable":true,"href":"https:\/\/wang.ar\/zh\/wp-json\/wp\/v2\/product_tag?post=540"}],"curies":[{"name":"wp","href":"https:\/\/api.w.org\/{rel}","templated":true}]}}