{"id":612,"date":"2025-12-16T18:08:42","date_gmt":"2025-12-16T21:08:42","guid":{"rendered":"https:\/\/wang.ar\/?post_type=product&#038;p=612"},"modified":"2025-12-16T18:41:49","modified_gmt":"2025-12-16T21:41:49","slug":"reloj-inteligente-ws-gs28","status":"publish","type":"product","link":"https:\/\/wang.ar\/zh\/product\/reloj-inteligente-ws-gs28\/","title":{"rendered":"\u667a\u80fd\u624b\u8868WS-GS28"},"content":{"rendered":"<p data-start=\"91\" data-end=\"119\"><strong>Especificaciones T\u00e9cnicas<\/strong><\/p>\n<ul data-start=\"121\" data-end=\"429\">\n<li data-start=\"121\" data-end=\"151\">\n<p data-start=\"123\" data-end=\"151\"><strong data-start=\"123\" data-end=\"141\">CPU :<\/strong> AB8918C<\/p>\n<\/li>\n<li data-start=\"152\" data-end=\"174\">\n<p data-start=\"154\" data-end=\"174\"><strong data-start=\"154\" data-end=\"166\">Memoria:<\/strong> 32 MB<\/p>\n<\/li>\n<li data-start=\"175\" data-end=\"205\">\n<p data-start=\"177\" data-end=\"205\"><strong data-start=\"177\" data-end=\"190\">Pantalla:<\/strong> TFT de 2,02\u201d<\/p>\n<\/li>\n<li data-start=\"206\" data-end=\"235\">\n<p data-start=\"208\" data-end=\"235\"><strong data-start=\"208\" data-end=\"223\">Resoluci\u00f3n:<\/strong> 240 \u00d7 296<\/p>\n<\/li>\n<li data-start=\"236\" data-end=\"266\">\n<p data-start=\"238\" data-end=\"266\"><strong data-start=\"238\" data-end=\"261\">Llamadas Bluetooth:<\/strong> S\u00ed<\/p>\n<\/li>\n<li data-start=\"267\" data-end=\"307\">\n<p data-start=\"269\" data-end=\"307\"><strong data-start=\"269\" data-end=\"287\">Modo de carga:<\/strong> Carga inal\u00e1mbrica<\/p>\n<\/li>\n<li data-start=\"308\" data-end=\"354\">\n<p data-start=\"310\" data-end=\"354\"><strong data-start=\"310\" data-end=\"334\">Resistencia al agua:<\/strong> IP53 (uso diario)<\/p>\n<\/li>\n<li data-start=\"355\" data-end=\"379\">\n<p data-start=\"357\" data-end=\"379\"><strong data-start=\"357\" data-end=\"369\">Bater\u00eda:<\/strong> 230 mAh<\/p>\n<\/li>\n<li data-start=\"380\" data-end=\"429\">\n<p data-start=\"382\" data-end=\"429\"><strong data-start=\"382\" data-end=\"406\">Colores disponibles:<\/strong> Negro, Naranja, Gris, Azul<\/p>\n<\/li>\n<\/ul>\n<p data-start=\"59\" data-end=\"83\"><strong data-start=\"59\" data-end=\"83\">Funciones destacadas<\/strong><\/p>\n<ul data-start=\"85\" data-end=\"962\">\n<li data-start=\"85\" data-end=\"111\">\n<p data-start=\"87\" data-end=\"111\">Llamadas por Bluetooth<\/p>\n<\/li>\n<li data-start=\"112\" data-end=\"133\">\n<p data-start=\"114\" data-end=\"133\">Carga inal\u00e1mbrica<\/p>\n<\/li>\n<li data-start=\"134\" data-end=\"202\">\n<p data-start=\"136\" data-end=\"202\">Dise\u00f1o con <strong data-start=\"147\" data-end=\"160\">3 botones<\/strong>, incluyendo <strong data-start=\"173\" data-end=\"200\">bot\u00f3n giratorio (crown)<\/strong><\/p>\n<\/li>\n<li data-start=\"203\" data-end=\"245\">\n<p data-start=\"205\" data-end=\"245\">Gran variedad de esferas (watch faces)<\/p>\n<\/li>\n<li data-start=\"246\" data-end=\"293\">\n<p data-start=\"248\" data-end=\"293\">Encendido de pantalla al levantar la mu\u00f1eca<\/p>\n<\/li>\n<li data-start=\"294\" data-end=\"500\">\n<p data-start=\"296\" data-end=\"324\">M\u00faltiples modos deportivos<\/p>\n<ul data-start=\"327\" data-end=\"500\">\n<li data-start=\"327\" data-end=\"340\">\n<p data-start=\"329\" data-end=\"340\">Pod\u00f3metro<\/p>\n<\/li>\n<li data-start=\"343\" data-end=\"356\">\n<p data-start=\"345\" data-end=\"356\">Distancia<\/p>\n<\/li>\n<li data-start=\"359\" data-end=\"371\">\n<p data-start=\"361\" data-end=\"371\">Calor\u00edas<\/p>\n<\/li>\n<li data-start=\"374\" data-end=\"397\">\n<p data-start=\"376\" data-end=\"397\">Monitoreo del sue\u00f1o<\/p>\n<\/li>\n<li data-start=\"400\" data-end=\"430\">\n<p data-start=\"402\" data-end=\"430\">Entrenamiento respiratorio<\/p>\n<\/li>\n<li data-start=\"433\" data-end=\"465\">\n<p data-start=\"435\" data-end=\"465\">Recordatorio de sedentarismo<\/p>\n<\/li>\n<li data-start=\"468\" data-end=\"500\">\n<p data-start=\"470\" data-end=\"500\">Recordatorio para beber agua<\/p>\n<\/li>\n<\/ul>\n<\/li>\n<li data-start=\"501\" data-end=\"536\">\n<p data-start=\"503\" data-end=\"536\">Estilos de men\u00fa intercambiables<\/p>\n<\/li>\n<li data-start=\"537\" data-end=\"608\">\n<p data-start=\"539\" data-end=\"608\">Visualizaci\u00f3n de hora con <strong data-start=\"565\" data-end=\"606\">sincronizaci\u00f3n autom\u00e1tica del sistema<\/strong><\/p>\n<\/li>\n<li data-start=\"609\" data-end=\"708\">\n<p data-start=\"611\" data-end=\"628\">Gesti\u00f3n de salud:<\/p>\n<ul data-start=\"631\" data-end=\"708\">\n<li data-start=\"631\" data-end=\"654\">\n<p data-start=\"633\" data-end=\"654\">Frecuencia card\u00edaca<\/p>\n<\/li>\n<li data-start=\"657\" data-end=\"677\">\n<p data-start=\"659\" data-end=\"677\">Presi\u00f3n arterial<\/p>\n<\/li>\n<li data-start=\"680\" data-end=\"708\">\n<p data-start=\"682\" data-end=\"708\">Ox\u00edgeno en sangre (SpO\u2082)<\/p>\n<\/li>\n<\/ul>\n<\/li>\n<li data-start=\"709\" data-end=\"745\">\n<p data-start=\"711\" data-end=\"745\">Funci\u00f3n para <strong data-start=\"724\" data-end=\"743\">buscar el reloj<\/strong><\/p>\n<\/li>\n<li data-start=\"746\" data-end=\"760\">\n<p data-start=\"748\" data-end=\"760\">Cron\u00f3metro<\/p>\n<\/li>\n<li data-start=\"761\" data-end=\"771\">\n<p data-start=\"763\" data-end=\"771\">Alarma<\/p>\n<\/li>\n<li data-start=\"772\" data-end=\"787\">\n<p data-start=\"774\" data-end=\"787\">Calculadora<\/p>\n<\/li>\n<li data-start=\"788\" data-end=\"824\">\n<p data-start=\"790\" data-end=\"824\">Bloqueo del reloj con contrase\u00f1a<\/p>\n<\/li>\n<li data-start=\"825\" data-end=\"850\">\n<p data-start=\"827\" data-end=\"850\">Soporte multilenguaje<\/p>\n<\/li>\n<li data-start=\"851\" data-end=\"895\">\n<p data-start=\"853\" data-end=\"895\">Sincronizaci\u00f3n de la agenda de contactos<\/p>\n<\/li>\n<li data-start=\"896\" data-end=\"940\">\n<p data-start=\"898\" data-end=\"940\">Ajuste del tiempo de apagado de pantalla<\/p>\n<\/li>\n<li data-start=\"941\" data-end=\"962\">\n<p data-start=\"943\" data-end=\"962\">Juegos integrados<\/p>\n<\/li>\n<\/ul>","protected":false},"excerpt":{"rendered":"<p>Especificaciones T\u00e9cnicas CPU : AB8918C Memoria: 32 MB Pantalla: TFT de 2,02\u201d Resoluci\u00f3n: 240 \u00d7 296 Llamadas Bluetooth: S\u00ed Modo de carga: Carga inal\u00e1mbrica Resistencia al agua: IP53 (uso diario) Bater\u00eda: 230 mAh Colores disponibles: Negro, Naranja, Gris, Azul Funciones destacadas Llamadas por Bluetooth Carga inal\u00e1mbrica Dise\u00f1o con 3 botones, incluyendo bot\u00f3n giratorio (crown) Gran [&#8230;]\n","protected":false},"featured_media":621,"template":"","meta":[],"product_brand":[],"product_cat":[35,88],"product_tag":[],"class_list":{"0":"post-612","1":"product","2":"type-product","3":"status-publish","4":"has-post-thumbnail","6":"product_cat-productos-electronicos","7":"product_cat-reloj-inteligente","9":"first","10":"instock","11":"shipping-taxable","12":"purchasable","13":"product-type-variable"},"jetpack_sharing_enabled":true,"_links":{"self":[{"href":"https:\/\/wang.ar\/zh\/wp-json\/wp\/v2\/product\/612","targetHints":{"allow":["GET"]}}],"collection":[{"href":"https:\/\/wang.ar\/zh\/wp-json\/wp\/v2\/product"}],"about":[{"href":"https:\/\/wang.ar\/zh\/wp-json\/wp\/v2\/types\/product"}],"wp:featuredmedia":[{"embeddable":true,"href":"https:\/\/wang.ar\/zh\/wp-json\/wp\/v2\/media\/621"}],"wp:attachment":[{"href":"https:\/\/wang.ar\/zh\/wp-json\/wp\/v2\/media?parent=612"}],"wp:term":[{"taxonomy":"product_brand","embeddable":true,"href":"https:\/\/wang.ar\/zh\/wp-json\/wp\/v2\/product_brand?post=612"},{"taxonomy":"product_cat","embeddable":true,"href":"https:\/\/wang.ar\/zh\/wp-json\/wp\/v2\/product_cat?post=612"},{"taxonomy":"product_tag","embeddable":true,"href":"https:\/\/wang.ar\/zh\/wp-json\/wp\/v2\/product_tag?post=612"}],"curies":[{"name":"wp","href":"https:\/\/api.w.org\/{rel}","templated":true}]}}