{"id":640,"date":"2025-12-29T13:20:54","date_gmt":"2025-12-29T16:20:54","guid":{"rendered":"https:\/\/wang.ar\/?post_type=product&#038;p=640"},"modified":"2025-12-29T13:20:54","modified_gmt":"2025-12-29T16:20:54","slug":"reloj-inteligente-ws-gs58","status":"publish","type":"product","link":"https:\/\/wang.ar\/zh\/product\/reloj-inteligente-ws-gs58\/","title":{"rendered":"Reloj inteligente WS-GS58"},"content":{"rendered":"<p data-start=\"651\" data-end=\"716\"><strong data-start=\"673\" data-end=\"685\">CPU:<\/strong> AB8918C<br data-start=\"693\" data-end=\"696\" \/><strong data-start=\"696\" data-end=\"708\">Memoria:<\/strong> 32 MB<\/p>\n<p data-start=\"718\" data-end=\"733\"><strong data-start=\"718\" data-end=\"731\">Pantalla:<\/strong><\/p>\n<ul data-start=\"734\" data-end=\"773\">\n<li data-start=\"734\" data-end=\"747\">\n<p data-start=\"736\" data-end=\"747\">1.39\u201d TFT<\/p>\n<\/li>\n<li data-start=\"748\" data-end=\"773\">\n<p data-start=\"750\" data-end=\"773\">Resoluci\u00f3n: 240 \u00d7 240<\/p>\n<\/li>\n<\/ul>\n<p data-start=\"775\" data-end=\"789\"><strong data-start=\"775\" data-end=\"787\">Bater\u00eda:<\/strong><\/p>\n<ul data-start=\"790\" data-end=\"832\">\n<li data-start=\"790\" data-end=\"812\">\n<p data-start=\"792\" data-end=\"812\">Capacidad: 230 mAh<\/p>\n<\/li>\n<li data-start=\"813\" data-end=\"832\">\n<p data-start=\"815\" data-end=\"832\">Carga magn\u00e9tica<\/p>\n<\/li>\n<\/ul>\n<p data-start=\"834\" data-end=\"860\"><strong data-start=\"834\" data-end=\"858\">Resistencia al agua:<\/strong><\/p>\n<ul data-start=\"861\" data-end=\"907\">\n<li data-start=\"861\" data-end=\"907\">\n<p data-start=\"863\" data-end=\"907\">IP53 (uso diario, resistente a salpicaduras)<\/p>\n<\/li>\n<\/ul>\n<p data-start=\"909\" data-end=\"924\"><strong data-start=\"909\" data-end=\"922\">Material:<\/strong><\/p>\n<ul data-start=\"925\" data-end=\"947\">\n<li data-start=\"925\" data-end=\"947\">\n<p data-start=\"927\" data-end=\"947\">Correa de silicona<\/p>\n<\/li>\n<\/ul>\n<p data-start=\"949\" data-end=\"975\"><strong data-start=\"949\" data-end=\"973\">Colores disponibles:<\/strong><\/p>\n<ul data-start=\"976\" data-end=\"1019\">\n<li data-start=\"976\" data-end=\"985\">\n<p data-start=\"978\" data-end=\"985\">\u7ea2\u8272<\/p>\n<\/li>\n<li data-start=\"986\" data-end=\"994\">\n<p data-start=\"988\" data-end=\"994\">\u84dd\u8272<\/p>\n<\/li>\n<li data-start=\"995\" data-end=\"1006\">\n<p data-start=\"997\" data-end=\"1006\">Naranja<\/p>\n<\/li>\n<li data-start=\"1007\" data-end=\"1019\">\n<p data-start=\"1009\" data-end=\"1019\">\u9ec4\u8272<\/p>\n<\/li>\n<\/ul>\n<hr data-start=\"1021\" data-end=\"1024\" \/>\n<h3 data-start=\"1026\" data-end=\"1054\">\ud83d\udd27 Funciones Principales<\/h3>\n<ul data-start=\"1056\" data-end=\"1364\">\n<li data-start=\"1056\" data-end=\"1082\">\n<p data-start=\"1058\" data-end=\"1082\">Llamadas por Bluetooth<\/p>\n<\/li>\n<li data-start=\"1083\" data-end=\"1129\">\n<p data-start=\"1085\" data-end=\"1129\">Pantalla se enciende al levantar la mu\u00f1eca<\/p>\n<\/li>\n<li data-start=\"1130\" data-end=\"1182\">\n<p data-start=\"1132\" data-end=\"1182\">Dise\u00f1o de <strong data-start=\"1142\" data-end=\"1155\">3 botones<\/strong>, incluye bot\u00f3n giratorio<\/p>\n<\/li>\n<li data-start=\"1183\" data-end=\"1230\">\n<p data-start=\"1185\" data-end=\"1230\">Mercado de esferas y esferas personalizadas<\/p>\n<\/li>\n<li data-start=\"1231\" data-end=\"1259\">\n<p data-start=\"1233\" data-end=\"1259\">Cambio de estilo de men\u00fa<\/p>\n<\/li>\n<li data-start=\"1260\" data-end=\"1286\">\n<p data-start=\"1262\" data-end=\"1286\">Bloqueo con contrase\u00f1a<\/p>\n<\/li>\n<li data-start=\"1287\" data-end=\"1330\">\n<p data-start=\"1289\" data-end=\"1330\">Ajuste de tiempo de apagado de pantalla<\/p>\n<\/li>\n<li data-start=\"1331\" data-end=\"1364\">\n<p data-start=\"1333\" data-end=\"1364\">Pantalla dividida inteligente<\/p>\n<\/li>\n<\/ul>\n<hr data-start=\"1366\" data-end=\"1369\" \/>\n<h3 data-start=\"1371\" data-end=\"1393\">\u2764\ufe0f Salud y Deporte<\/h3>\n<ul data-start=\"1395\" data-end=\"1599\">\n<li data-start=\"1395\" data-end=\"1429\">\n<p data-start=\"1397\" data-end=\"1429\">Monitor de frecuencia card\u00edaca<\/p>\n<\/li>\n<li data-start=\"1430\" data-end=\"1450\">\n<p data-start=\"1432\" data-end=\"1450\">Presi\u00f3n arterial<\/p>\n<\/li>\n<li data-start=\"1451\" data-end=\"1479\">\n<p data-start=\"1453\" data-end=\"1479\">Ox\u00edgeno en sangre (SpO\u2082)<\/p>\n<\/li>\n<li data-start=\"1480\" data-end=\"1503\">\n<p data-start=\"1482\" data-end=\"1503\">Monitoreo del sue\u00f1o<\/p>\n<\/li>\n<li data-start=\"1504\" data-end=\"1534\">\n<p data-start=\"1506\" data-end=\"1534\">Entrenamiento respiratorio<\/p>\n<\/li>\n<li data-start=\"1535\" data-end=\"1567\">\n<p data-start=\"1537\" data-end=\"1567\">Recordatorio de sedentarismo<\/p>\n<\/li>\n<li data-start=\"1568\" data-end=\"1599\">\n<p data-start=\"1570\" data-end=\"1599\">Recordatorio de hidrataci\u00f3n<\/p>\n<\/li>\n<\/ul>\n<p data-start=\"1601\" data-end=\"1624\"><strong data-start=\"1601\" data-end=\"1622\">Modos deportivos:<\/strong><\/p>\n<ul data-start=\"1625\" data-end=\"1661\">\n<li data-start=\"1625\" data-end=\"1634\">\n<p data-start=\"1627\" data-end=\"1634\">Pasos<\/p>\n<\/li>\n<li data-start=\"1635\" data-end=\"1648\">\n<p data-start=\"1637\" data-end=\"1648\">Distancia<\/p>\n<\/li>\n<li data-start=\"1649\" data-end=\"1661\">\n<p data-start=\"1651\" data-end=\"1661\">Calor\u00edas<\/p>\n<\/li>\n<\/ul>\n<hr data-start=\"1663\" data-end=\"1666\" \/>\n<h3 data-start=\"1668\" data-end=\"1697\">\ud83d\udcf1 Funciones Inteligentes<\/h3>\n<ul data-start=\"1699\" data-end=\"1865\">\n<li data-start=\"1699\" data-end=\"1740\">\n<p data-start=\"1701\" data-end=\"1740\">Notificaciones de llamadas y mensajes<\/p>\n<\/li>\n<li data-start=\"1741\" data-end=\"1781\">\n<p data-start=\"1743\" data-end=\"1781\">Agenda \/ sincronizaci\u00f3n de contactos<\/p>\n<\/li>\n<li data-start=\"1782\" data-end=\"1801\">\n<p data-start=\"1784\" data-end=\"1801\">Buscar el reloj<\/p>\n<\/li>\n<li data-start=\"1802\" data-end=\"1816\">\n<p data-start=\"1804\" data-end=\"1816\">Cron\u00f3metro<\/p>\n<\/li>\n<li data-start=\"1817\" data-end=\"1827\">\n<p data-start=\"1819\" data-end=\"1827\">Alarma<\/p>\n<\/li>\n<li data-start=\"1828\" data-end=\"1843\">\n<p data-start=\"1830\" data-end=\"1843\">Calculadora<\/p>\n<\/li>\n<li data-start=\"1844\" data-end=\"1865\">\n<p data-start=\"1846\" data-end=\"1865\">Juegos integrados<\/p>\n<\/li>\n<\/ul>\n<p data-start=\"1867\" data-end=\"1881\"><strong data-start=\"1867\" data-end=\"1879\">Idiomas:<\/strong><\/p>\n<ul data-start=\"1882\" data-end=\"1904\">\n<li data-start=\"1882\" data-end=\"1904\">\n<p data-start=\"1884\" data-end=\"1904\">Soporta 24 idiomas<\/p>\n<\/li>\n<\/ul>\n<h3 data-start=\"1911\" data-end=\"1932\">\ud83d\udcf2 App<\/h3>\n<p data-start=\"1933\" data-end=\"1949\"><strong data-start=\"1933\" data-end=\"1949\">HryFine<\/strong><\/p>","protected":false},"excerpt":{"rendered":"<p>CPU: AB8918CMemoria: 32 MB Pantalla: 1.39\u201d TFT Resoluci\u00f3n: 240 \u00d7 240 Bater\u00eda: Capacidad: 230 mAh Carga magn\u00e9tica Resistencia al agua: IP53 (uso diario, resistente a salpicaduras) Material: Correa de silicona Colores disponibles: Rojo Azul Naranja Amarillo \ud83d\udd27 Funciones Principales Llamadas por Bluetooth Pantalla se enciende al levantar la mu\u00f1eca Dise\u00f1o de 3 botones, incluye bot\u00f3n [&#8230;]\n","protected":false},"featured_media":644,"template":"","meta":[],"product_brand":[],"product_cat":[35,88],"product_tag":[],"class_list":{"0":"post-640","1":"product","2":"type-product","3":"status-publish","4":"has-post-thumbnail","6":"product_cat-productos-electronicos","7":"product_cat-reloj-inteligente","9":"first","10":"instock","11":"shipping-taxable","12":"purchasable","13":"product-type-variable"},"jetpack_sharing_enabled":true,"_links":{"self":[{"href":"https:\/\/wang.ar\/zh\/wp-json\/wp\/v2\/product\/640","targetHints":{"allow":["GET"]}}],"collection":[{"href":"https:\/\/wang.ar\/zh\/wp-json\/wp\/v2\/product"}],"about":[{"href":"https:\/\/wang.ar\/zh\/wp-json\/wp\/v2\/types\/product"}],"wp:featuredmedia":[{"embeddable":true,"href":"https:\/\/wang.ar\/zh\/wp-json\/wp\/v2\/media\/644"}],"wp:attachment":[{"href":"https:\/\/wang.ar\/zh\/wp-json\/wp\/v2\/media?parent=640"}],"wp:term":[{"taxonomy":"product_brand","embeddable":true,"href":"https:\/\/wang.ar\/zh\/wp-json\/wp\/v2\/product_brand?post=640"},{"taxonomy":"product_cat","embeddable":true,"href":"https:\/\/wang.ar\/zh\/wp-json\/wp\/v2\/product_cat?post=640"},{"taxonomy":"product_tag","embeddable":true,"href":"https:\/\/wang.ar\/zh\/wp-json\/wp\/v2\/product_tag?post=640"}],"curies":[{"name":"wp","href":"https:\/\/api.w.org\/{rel}","templated":true}]}}