{"id":648,"date":"2025-12-17T17:46:24","date_gmt":"2025-12-17T20:46:24","guid":{"rendered":"https:\/\/wang.ar\/?post_type=product&#038;p=648"},"modified":"2025-12-17T17:46:24","modified_gmt":"2025-12-17T20:46:24","slug":"reloj-inteligente-ws-gs38-pro","status":"publish","type":"product","link":"https:\/\/wang.ar\/zh\/product\/reloj-inteligente-ws-gs38-pro\/","title":{"rendered":"\u667a\u80fd\u624b\u8868WS-GS38 Pro"},"content":{"rendered":"<p data-start=\"90\" data-end=\"159\"><strong data-start=\"90\" data-end=\"101\">Modelo:<\/strong> WS-GS38 Pro<br data-start=\"113\" data-end=\"116\" \/><strong data-start=\"116\" data-end=\"128\">CPU:<\/strong> AB8918C<br data-start=\"136\" data-end=\"139\" \/><strong data-start=\"139\" data-end=\"151\">Memoria:<\/strong> 32 MB<\/p>\n<p data-start=\"161\" data-end=\"176\"><strong data-start=\"161\" data-end=\"174\">Pantalla:<\/strong><\/p>\n<ul data-start=\"177\" data-end=\"226\">\n<li data-start=\"177\" data-end=\"201\">\n<p data-start=\"179\" data-end=\"201\">TFT de 2,02 pulgadas<\/p>\n<\/li>\n<li data-start=\"202\" data-end=\"226\">\n<p data-start=\"204\" data-end=\"226\">Resoluci\u00f3n 240 \u00d7 296<\/p>\n<\/li>\n<\/ul>\n<p data-start=\"228\" data-end=\"240\"><strong data-start=\"228\" data-end=\"238\">Carga:<\/strong><\/p>\n<ul data-start=\"241\" data-end=\"262\">\n<li data-start=\"241\" data-end=\"262\">\n<p data-start=\"243\" data-end=\"262\">Carga inal\u00e1mbrica<\/p>\n<\/li>\n<\/ul>\n<p data-start=\"264\" data-end=\"290\"><strong data-start=\"264\" data-end=\"288\">Resistencia al agua:<\/strong><\/p>\n<ul data-start=\"291\" data-end=\"327\">\n<li data-start=\"291\" data-end=\"327\">\n<p data-start=\"293\" data-end=\"327\">IP53<\/p>\n<\/li>\n<\/ul>\n<p data-start=\"329\" data-end=\"343\"><strong data-start=\"329\" data-end=\"341\">Bater\u00eda:<\/strong><\/p>\n<ul data-start=\"344\" data-end=\"355\">\n<li data-start=\"344\" data-end=\"355\">\n<p data-start=\"346\" data-end=\"355\">230 mAh<\/p>\n<\/li>\n<\/ul>\n<p data-start=\"357\" data-end=\"383\"><strong data-start=\"357\" data-end=\"381\">Colores disponibles:<\/strong><\/p>\n<ul data-start=\"384\" data-end=\"414\">\n<li data-start=\"384\" data-end=\"414\">\n<p data-start=\"386\" data-end=\"414\">Negro, Rojo, Naranja, Gris<\/p>\n<\/li>\n<\/ul>\n<h3 data-start=\"421\" data-end=\"450\"><strong data-start=\"425\" data-end=\"450\">Funciones principales<\/strong><\/h3>\n<ul data-start=\"452\" data-end=\"1392\">\n<li data-start=\"452\" data-end=\"478\">\n<p data-start=\"454\" data-end=\"478\">Llamadas por Bluetooth<\/p>\n<\/li>\n<li data-start=\"479\" data-end=\"539\">\n<p data-start=\"481\" data-end=\"539\">Mercado de esferas (watchfaces) y diales personalizables<\/p>\n<\/li>\n<li data-start=\"540\" data-end=\"588\">\n<p data-start=\"542\" data-end=\"588\">Dise\u00f1o de 3 botones (incluye bot\u00f3n rotativo)<\/p>\n<\/li>\n<li data-start=\"589\" data-end=\"637\">\n<p data-start=\"591\" data-end=\"637\">Activaci\u00f3n de pantalla al levantar la mu\u00f1eca<\/p>\n<\/li>\n<li data-start=\"638\" data-end=\"682\">\n<p data-start=\"640\" data-end=\"682\">Ajuste del tiempo de apagado de pantalla<\/p>\n<\/li>\n<li data-start=\"683\" data-end=\"716\">\n<p data-start=\"685\" data-end=\"716\">Pantalla dividida inteligente<\/p>\n<\/li>\n<li data-start=\"717\" data-end=\"751\">\n<p data-start=\"719\" data-end=\"751\">Men\u00fa con estilo intercambiable<\/p>\n<\/li>\n<li data-start=\"752\" data-end=\"788\">\n<p data-start=\"754\" data-end=\"788\">Acceso r\u00e1pido a modos deportivos<\/p>\n<\/li>\n<li data-start=\"789\" data-end=\"985\">\n<p data-start=\"791\" data-end=\"820\">M\u00faltiples modos deportivos:<\/p>\n<ul data-start=\"823\" data-end=\"985\">\n<li data-start=\"823\" data-end=\"857\">\n<p data-start=\"825\" data-end=\"857\">Pod\u00f3metro, distancia, calor\u00edas<\/p>\n<\/li>\n<li data-start=\"860\" data-end=\"883\">\n<p data-start=\"862\" data-end=\"883\">Monitoreo del sue\u00f1o<\/p>\n<\/li>\n<li data-start=\"886\" data-end=\"916\">\n<p data-start=\"888\" data-end=\"916\">Entrenamiento respiratorio<\/p>\n<\/li>\n<li data-start=\"919\" data-end=\"951\">\n<p data-start=\"921\" data-end=\"951\">Recordatorio de sedentarismo<\/p>\n<\/li>\n<li data-start=\"954\" data-end=\"985\">\n<p data-start=\"956\" data-end=\"985\">Recordatorio de hidrataci\u00f3n<\/p>\n<\/li>\n<\/ul>\n<\/li>\n<li data-start=\"986\" data-end=\"1087\">\n<p data-start=\"988\" data-end=\"1007\">Gesti\u00f3n de salud:<\/p>\n<ul data-start=\"1010\" data-end=\"1087\">\n<li data-start=\"1010\" data-end=\"1033\">\n<p data-start=\"1012\" data-end=\"1033\">Frecuencia card\u00edaca<\/p>\n<\/li>\n<li data-start=\"1036\" data-end=\"1056\">\n<p data-start=\"1038\" data-end=\"1056\">Presi\u00f3n arterial<\/p>\n<\/li>\n<li data-start=\"1059\" data-end=\"1087\">\n<p data-start=\"1061\" data-end=\"1087\">Ox\u00edgeno en sangre (SpO\u2082)<\/p>\n<\/li>\n<\/ul>\n<\/li>\n<li data-start=\"1088\" data-end=\"1149\">\n<p data-start=\"1090\" data-end=\"1106\">Recordatorios:<\/p>\n<ul data-start=\"1109\" data-end=\"1149\">\n<li data-start=\"1109\" data-end=\"1121\">\n<p data-start=\"1111\" data-end=\"1121\">Llamadas<\/p>\n<\/li>\n<li data-start=\"1124\" data-end=\"1136\">\n<p data-start=\"1126\" data-end=\"1136\">Mensajes<\/p>\n<\/li>\n<li data-start=\"1139\" data-end=\"1149\">\n<p data-start=\"1141\" data-end=\"1149\">Alarma<\/p>\n<\/li>\n<\/ul>\n<\/li>\n<li data-start=\"1150\" data-end=\"1164\">\n<p data-start=\"1152\" data-end=\"1164\">Cron\u00f3metro<\/p>\n<\/li>\n<li data-start=\"1165\" data-end=\"1180\">\n<p data-start=\"1167\" data-end=\"1180\">Calculadora<\/p>\n<\/li>\n<li data-start=\"1181\" data-end=\"1202\">\n<p data-start=\"1183\" data-end=\"1202\">Juegos integrados<\/p>\n<\/li>\n<li data-start=\"1203\" data-end=\"1232\">\n<p data-start=\"1205\" data-end=\"1232\">Funci\u00f3n \u201cBuscar el reloj\u201d<\/p>\n<\/li>\n<li data-start=\"1233\" data-end=\"1271\">\n<p data-start=\"1235\" data-end=\"1271\">Bloqueo de pantalla con contrase\u00f1a<\/p>\n<\/li>\n<li data-start=\"1272\" data-end=\"1310\">\n<p data-start=\"1274\" data-end=\"1310\">Sincronizaci\u00f3n de agenda\/contactos<\/p>\n<\/li>\n<li data-start=\"1311\" data-end=\"1364\">\n<p data-start=\"1313\" data-end=\"1364\">Visualizaci\u00f3n de hora sincronizada con el sistema<\/p>\n<\/li>\n<li data-start=\"1365\" data-end=\"1392\">\n<p data-start=\"1367\" data-end=\"1392\">Soporte para 24 idiomas<\/p>\n<\/li>\n<\/ul>\n<p data-start=\"1399\" data-end=\"1470\"><strong data-start=\"1399\" data-end=\"1422\">APP:<\/strong> HryFine<br data-start=\"1430\" data-end=\"1433\" \/><strong data-start=\"1433\" data-end=\"1459\">Material de la correa:<\/strong> Silicona<\/p>","protected":false},"excerpt":{"rendered":"<p>Modelo: WS-GS38 ProCPU: AB8918CMemoria: 32 MB Pantalla: TFT de 2,02 pulgadas Resoluci\u00f3n 240 \u00d7 296 Carga: Carga inal\u00e1mbrica Resistencia al agua: IP53 Bater\u00eda: 230 mAh Colores disponibles: Negro, Rojo, Naranja, Gris Funciones principales Llamadas por Bluetooth Mercado de esferas (watchfaces) y diales personalizables Dise\u00f1o de 3 botones (incluye bot\u00f3n rotativo) Activaci\u00f3n de pantalla al levantar [&#8230;]\n","protected":false},"featured_media":665,"template":"","meta":[],"product_brand":[],"product_cat":[35,88],"product_tag":[],"class_list":{"0":"post-648","1":"product","2":"type-product","3":"status-publish","4":"has-post-thumbnail","6":"product_cat-productos-electronicos","7":"product_cat-reloj-inteligente","9":"first","10":"instock","11":"shipping-taxable","12":"purchasable","13":"product-type-variable"},"jetpack_sharing_enabled":true,"_links":{"self":[{"href":"https:\/\/wang.ar\/zh\/wp-json\/wp\/v2\/product\/648","targetHints":{"allow":["GET"]}}],"collection":[{"href":"https:\/\/wang.ar\/zh\/wp-json\/wp\/v2\/product"}],"about":[{"href":"https:\/\/wang.ar\/zh\/wp-json\/wp\/v2\/types\/product"}],"wp:featuredmedia":[{"embeddable":true,"href":"https:\/\/wang.ar\/zh\/wp-json\/wp\/v2\/media\/665"}],"wp:attachment":[{"href":"https:\/\/wang.ar\/zh\/wp-json\/wp\/v2\/media?parent=648"}],"wp:term":[{"taxonomy":"product_brand","embeddable":true,"href":"https:\/\/wang.ar\/zh\/wp-json\/wp\/v2\/product_brand?post=648"},{"taxonomy":"product_cat","embeddable":true,"href":"https:\/\/wang.ar\/zh\/wp-json\/wp\/v2\/product_cat?post=648"},{"taxonomy":"product_tag","embeddable":true,"href":"https:\/\/wang.ar\/zh\/wp-json\/wp\/v2\/product_tag?post=648"}],"curies":[{"name":"wp","href":"https:\/\/api.w.org\/{rel}","templated":true}]}}