{"id":649,"date":"2025-12-17T13:11:48","date_gmt":"2025-12-17T16:11:48","guid":{"rendered":"https:\/\/wang.ar\/?post_type=product&#038;p=649"},"modified":"2025-12-17T13:11:48","modified_gmt":"2025-12-17T16:11:48","slug":"reloj-inteligente-ws-gs68","status":"publish","type":"product","link":"https:\/\/wang.ar\/zh\/product\/reloj-inteligente-ws-gs68\/","title":{"rendered":"\u667a\u80fd\u624b\u8868WS-GS68"},"content":{"rendered":"<h3 data-start=\"172\" data-end=\"195\">Informaci\u00f3n general<\/h3>\n<ul data-start=\"196\" data-end=\"294\">\n<li data-start=\"196\" data-end=\"219\">\n<p data-start=\"198\" data-end=\"219\"><strong data-start=\"198\" data-end=\"208\">Modelo<\/strong>: WS-GS68<\/p>\n<\/li>\n<li data-start=\"220\" data-end=\"244\">\n<p data-start=\"222\" data-end=\"244\"><strong data-start=\"222\" data-end=\"233\">CPU<\/strong>: AB8918C<\/p>\n<\/li>\n<li data-start=\"245\" data-end=\"267\">\n<p data-start=\"247\" data-end=\"267\"><strong data-start=\"247\" data-end=\"258\">Memoria<\/strong>: 32 MB<\/p>\n<\/li>\n<li data-start=\"268\" data-end=\"294\">\n<p data-start=\"270\" data-end=\"294\"><strong data-start=\"270\" data-end=\"279\">APP<\/strong>: HryFine<\/p>\n<\/li>\n<\/ul>\n<h3 data-start=\"296\" data-end=\"308\">Pantalla<\/h3>\n<ul data-start=\"309\" data-end=\"378\">\n<li data-start=\"309\" data-end=\"330\">\n<p data-start=\"311\" data-end=\"330\"><strong data-start=\"311\" data-end=\"321\">Tama\u00f1o<\/strong>: 1,50\u201d<\/p>\n<\/li>\n<li data-start=\"331\" data-end=\"348\">\n<p data-start=\"333\" data-end=\"348\"><strong data-start=\"333\" data-end=\"341\">Tipo<\/strong>: TFT<\/p>\n<\/li>\n<li data-start=\"349\" data-end=\"378\">\n<p data-start=\"351\" data-end=\"378\"><strong data-start=\"351\" data-end=\"365\">Resoluci\u00f3n<\/strong>: 240 \u00d7 240<\/p>\n<\/li>\n<\/ul>\n<h3 data-start=\"380\" data-end=\"399\">Bater\u00eda y carga<\/h3>\n<ul data-start=\"400\" data-end=\"522\">\n<li data-start=\"400\" data-end=\"437\">\n<p data-start=\"402\" data-end=\"437\"><strong data-start=\"402\" data-end=\"426\">Capacidad de bater\u00eda<\/strong>: 230 mAh<\/p>\n<\/li>\n<li data-start=\"438\" data-end=\"522\">\n<p data-start=\"440\" data-end=\"522\"><strong data-start=\"440\" data-end=\"457\">Tipo de carga<\/strong>: Carga magn\u00e9tica por contacto<br data-start=\"487\" data-end=\"490\" \/><em data-start=\"492\" data-end=\"522\">(no es carga inal\u00e1mbrica Qi)<\/em><\/p>\n<\/li>\n<\/ul>\n<h3 data-start=\"524\" data-end=\"539\">Resistencia<\/h3>\n<ul data-start=\"540\" data-end=\"671\">\n<li data-start=\"540\" data-end=\"671\">\n<p data-start=\"542\" data-end=\"564\"><strong data-start=\"542\" data-end=\"556\">Protecci\u00f3n<\/strong>: IP53<\/p>\n<ul data-start=\"567\" data-end=\"671\">\n<li data-start=\"567\" data-end=\"632\">\n<p data-start=\"569\" data-end=\"632\">Resistente al uso diario (salpicaduras, sudor, lluvia ligera)<\/p>\n<\/li>\n<li data-start=\"635\" data-end=\"671\">\n<p data-start=\"637\" data-end=\"671\">No apto para nataci\u00f3n ni inmersi\u00f3n<\/p>\n<\/li>\n<\/ul>\n<\/li>\n<\/ul>\n<h3 data-start=\"673\" data-end=\"696\">Colores disponibles<\/h3>\n<ul data-start=\"697\" data-end=\"724\">\n<li data-start=\"697\" data-end=\"706\">\n<p data-start=\"699\" data-end=\"706\">\u9ed1\u8272<\/p>\n<\/li>\n<li data-start=\"707\" data-end=\"715\">\n<p data-start=\"709\" data-end=\"715\">\u84dd\u8272<\/p>\n<\/li>\n<li data-start=\"716\" data-end=\"724\">\n<p data-start=\"718\" data-end=\"724\">\u7070\u8272<\/p>\n<\/li>\n<\/ul>\n<h3 data-start=\"726\" data-end=\"736\">Correa<\/h3>\n<ul data-start=\"737\" data-end=\"761\">\n<li data-start=\"737\" data-end=\"761\">\n<p data-start=\"739\" data-end=\"761\"><strong data-start=\"739\" data-end=\"751\">Material<\/strong>: Silicona<\/p>\n<\/li>\n<\/ul>\n<h2 data-start=\"768\" data-end=\"792\">Funciones principales<\/h2>\n<h3 data-start=\"794\" data-end=\"821\">Llamadas y conectividad<\/h3>\n<ul data-start=\"822\" data-end=\"940\">\n<li data-start=\"822\" data-end=\"848\">\n<p data-start=\"824\" data-end=\"848\">Llamadas por Bluetooth<\/p>\n<\/li>\n<li data-start=\"849\" data-end=\"880\">\n<p data-start=\"851\" data-end=\"880\">Conexi\u00f3n mediante c\u00f3digo QR<\/p>\n<\/li>\n<li data-start=\"881\" data-end=\"912\">\n<p data-start=\"883\" data-end=\"912\">Sincronizaci\u00f3n de contactos<\/p>\n<\/li>\n<li data-start=\"913\" data-end=\"940\">\n<p data-start=\"915\" data-end=\"940\">Funci\u00f3n \u201cBuscar el reloj\u201d<\/p>\n<\/li>\n<\/ul>\n<h3 data-start=\"942\" data-end=\"963\">Pantalla y manejo<\/h3>\n<ul data-start=\"964\" data-end=\"1282\">\n<li data-start=\"964\" data-end=\"1010\">\n<p data-start=\"966\" data-end=\"1010\">Tienda de esferas \/ esferas personalizadas<\/p>\n<\/li>\n<li data-start=\"1011\" data-end=\"1044\">\n<p data-start=\"1013\" data-end=\"1044\">Pantalla dividida inteligente<\/p>\n<\/li>\n<li data-start=\"1045\" data-end=\"1092\">\n<p data-start=\"1047\" data-end=\"1092\">Encendido de pantalla al levantar la mu\u00f1eca<\/p>\n<\/li>\n<li data-start=\"1093\" data-end=\"1136\">\n<p data-start=\"1095\" data-end=\"1136\">Ajuste de tiempo de apagado de pantalla<\/p>\n<\/li>\n<li data-start=\"1137\" data-end=\"1184\">\n<p data-start=\"1139\" data-end=\"1184\">Dise\u00f1o con <strong data-start=\"1150\" data-end=\"1182\">3 botones + corona giratoria<\/strong><\/p>\n<\/li>\n<li data-start=\"1185\" data-end=\"1223\">\n<p data-start=\"1187\" data-end=\"1223\">Bloqueo de pantalla con contrase\u00f1a<\/p>\n<\/li>\n<li data-start=\"1224\" data-end=\"1252\">\n<p data-start=\"1226\" data-end=\"1252\">Cambio de estilo de men\u00fa<\/p>\n<\/li>\n<li data-start=\"1253\" data-end=\"1282\">\n<p data-start=\"1255\" data-end=\"1282\">Soporte para <strong data-start=\"1268\" data-end=\"1282\">24 idiomas<\/strong><\/p>\n<\/li>\n<\/ul>\n<h3 data-start=\"1284\" data-end=\"1304\">Deportes y salud<\/h3>\n<ul data-start=\"1305\" data-end=\"1603\">\n<li data-start=\"1305\" data-end=\"1378\">\n<p data-start=\"1307\" data-end=\"1335\">M\u00faltiples modos deportivos<\/p>\n<ul data-start=\"1338\" data-end=\"1378\">\n<li data-start=\"1338\" data-end=\"1347\">\n<p data-start=\"1340\" data-end=\"1347\">Pasos<\/p>\n<\/li>\n<li data-start=\"1350\" data-end=\"1363\">\n<p data-start=\"1352\" data-end=\"1363\">Distancia<\/p>\n<\/li>\n<li data-start=\"1366\" data-end=\"1378\">\n<p data-start=\"1368\" data-end=\"1378\">Calor\u00edas<\/p>\n<\/li>\n<\/ul>\n<\/li>\n<li data-start=\"1379\" data-end=\"1539\">\n<p data-start=\"1381\" data-end=\"1400\">Monitoreo de salud:<\/p>\n<ul data-start=\"1403\" data-end=\"1539\">\n<li data-start=\"1403\" data-end=\"1426\">\n<p data-start=\"1405\" data-end=\"1426\">Frecuencia card\u00edaca<\/p>\n<\/li>\n<li data-start=\"1429\" data-end=\"1449\">\n<p data-start=\"1431\" data-end=\"1449\">Presi\u00f3n arterial<\/p>\n<\/li>\n<li data-start=\"1452\" data-end=\"1480\">\n<p data-start=\"1454\" data-end=\"1480\">Ox\u00edgeno en sangre (SpO\u2082)<\/p>\n<\/li>\n<li data-start=\"1483\" data-end=\"1506\">\n<p data-start=\"1485\" data-end=\"1506\">Monitoreo del sue\u00f1o<\/p>\n<\/li>\n<li data-start=\"1509\" data-end=\"1539\">\n<p data-start=\"1511\" data-end=\"1539\">Entrenamiento respiratorio<\/p>\n<\/li>\n<\/ul>\n<\/li>\n<li data-start=\"1540\" data-end=\"1572\">\n<p data-start=\"1542\" data-end=\"1572\">Recordatorio de sedentarismo<\/p>\n<\/li>\n<li data-start=\"1573\" data-end=\"1603\">\n<p data-start=\"1575\" data-end=\"1603\">Recordatorio para beber agua<\/p>\n<\/li>\n<\/ul>\n<h3 data-start=\"1605\" data-end=\"1633\">Herramientas adicionales<\/h3>\n<ul data-start=\"1634\" data-end=\"1749\">\n<li data-start=\"1634\" data-end=\"1644\">\n<p data-start=\"1636\" data-end=\"1644\">Alarma<\/p>\n<\/li>\n<li data-start=\"1645\" data-end=\"1659\">\n<p data-start=\"1647\" data-end=\"1659\">Cron\u00f3metro<\/p>\n<\/li>\n<li data-start=\"1660\" data-end=\"1675\">\n<p data-start=\"1662\" data-end=\"1675\">Calculadora<\/p>\n<\/li>\n<li data-start=\"1676\" data-end=\"1697\">\n<p data-start=\"1678\" data-end=\"1697\">Juegos integrados<\/p>\n<\/li>\n<li data-start=\"1698\" data-end=\"1749\">\n<p data-start=\"1700\" data-end=\"1749\">Visualizaci\u00f3n de hora sincronizada con el sistema<\/p>\n<\/li>\n<\/ul>","protected":false},"excerpt":{"rendered":"<p>Informaci\u00f3n general Modelo: WS-GS68 CPU: AB8918C Memoria: 32 MB APP: HryFine Pantalla Tama\u00f1o: 1,50\u201d Tipo: TFT Resoluci\u00f3n: 240 \u00d7 240 Bater\u00eda y carga Capacidad de bater\u00eda: 230 mAh Tipo de carga: Carga magn\u00e9tica por contacto(no es carga inal\u00e1mbrica Qi) Resistencia Protecci\u00f3n: IP53 Resistente al uso diario (salpicaduras, sudor, lluvia ligera) No apto para nataci\u00f3n ni [&#8230;]\n","protected":false},"featured_media":650,"template":"","meta":[],"product_brand":[],"product_cat":[35,88],"product_tag":[],"class_list":{"0":"post-649","1":"product","2":"type-product","3":"status-publish","4":"has-post-thumbnail","6":"product_cat-productos-electronicos","7":"product_cat-reloj-inteligente","9":"first","10":"instock","11":"shipping-taxable","12":"purchasable","13":"product-type-variable"},"jetpack_sharing_enabled":true,"_links":{"self":[{"href":"https:\/\/wang.ar\/zh\/wp-json\/wp\/v2\/product\/649","targetHints":{"allow":["GET"]}}],"collection":[{"href":"https:\/\/wang.ar\/zh\/wp-json\/wp\/v2\/product"}],"about":[{"href":"https:\/\/wang.ar\/zh\/wp-json\/wp\/v2\/types\/product"}],"wp:featuredmedia":[{"embeddable":true,"href":"https:\/\/wang.ar\/zh\/wp-json\/wp\/v2\/media\/650"}],"wp:attachment":[{"href":"https:\/\/wang.ar\/zh\/wp-json\/wp\/v2\/media?parent=649"}],"wp:term":[{"taxonomy":"product_brand","embeddable":true,"href":"https:\/\/wang.ar\/zh\/wp-json\/wp\/v2\/product_brand?post=649"},{"taxonomy":"product_cat","embeddable":true,"href":"https:\/\/wang.ar\/zh\/wp-json\/wp\/v2\/product_cat?post=649"},{"taxonomy":"product_tag","embeddable":true,"href":"https:\/\/wang.ar\/zh\/wp-json\/wp\/v2\/product_tag?post=649"}],"curies":[{"name":"wp","href":"https:\/\/api.w.org\/{rel}","templated":true}]}}