{"id":687,"date":"2025-12-23T16:18:56","date_gmt":"2025-12-23T19:18:56","guid":{"rendered":"https:\/\/wang.ar\/?post_type=product&#038;p=687"},"modified":"2025-12-23T16:18:56","modified_gmt":"2025-12-23T19:18:56","slug":"reloj-inteligente-ws-gs91","status":"publish","type":"product","link":"https:\/\/wang.ar\/zh\/product\/reloj-inteligente-ws-gs91\/","title":{"rendered":"\u667a\u80fd\u624b\u8868WS-GS91"},"content":{"rendered":"<p data-start=\"126\" data-end=\"197\"><strong data-start=\"126\" data-end=\"137\">Modelo:<\/strong> WS-GS91<br data-start=\"145\" data-end=\"148\" \/><strong data-start=\"148\" data-end=\"166\">CPU:<\/strong> AB8959<br data-start=\"173\" data-end=\"176\" \/><strong data-start=\"176\" data-end=\"188\">Memoria:<\/strong> 132 MB<\/p>\n<p data-start=\"199\" data-end=\"214\"><strong data-start=\"199\" data-end=\"212\">Pantalla:<\/strong><\/p>\n<ul data-start=\"215\" data-end=\"253\">\n<li data-start=\"215\" data-end=\"228\">\n<p data-start=\"217\" data-end=\"228\">TFT 1.52\u201d<\/p>\n<\/li>\n<li data-start=\"229\" data-end=\"253\">\n<p data-start=\"231\" data-end=\"253\">Resoluci\u00f3n 360 \u00d7 360<\/p>\n<\/li>\n<\/ul>\n<p data-start=\"255\" data-end=\"283\"><strong data-start=\"255\" data-end=\"278\">Llamadas Bluetooth:<\/strong> S\u00ed<\/p>\n<p data-start=\"285\" data-end=\"297\"><strong data-start=\"285\" data-end=\"295\">Carga:<\/strong><\/p>\n<ul data-start=\"298\" data-end=\"336\">\n<li data-start=\"298\" data-end=\"336\">\n<p data-start=\"300\" data-end=\"336\">Carga magn\u00e9tica (Magnetic contact)<\/p>\n<\/li>\n<\/ul>\n<p data-start=\"338\" data-end=\"364\"><strong data-start=\"338\" data-end=\"362\">Resistencia al agua:<\/strong><\/p>\n<ul data-start=\"365\" data-end=\"421\">\n<li data-start=\"365\" data-end=\"421\">\n<p data-start=\"367\" data-end=\"421\">IP67 (resistente al agua y al polvo para uso diario)<\/p>\n<\/li>\n<\/ul>\n<p data-start=\"423\" data-end=\"437\"><strong data-start=\"423\" data-end=\"435\">Bater\u00eda:<\/strong><\/p>\n<ul data-start=\"438\" data-end=\"449\">\n<li data-start=\"438\" data-end=\"449\">\n<p data-start=\"440\" data-end=\"449\">320 mAh<\/p>\n<\/li>\n<\/ul>\n<p data-start=\"451\" data-end=\"477\"><strong data-start=\"451\" data-end=\"475\">Colores disponibles:<\/strong><\/p>\n<ul data-start=\"478\" data-end=\"512\">\n<li data-start=\"478\" data-end=\"512\">\n<p data-start=\"480\" data-end=\"512\">Negro, Rojo, Gris, Azul, Verde<\/p>\n<\/li>\n<\/ul>\n<hr data-start=\"514\" data-end=\"517\" \/>\n<h2 data-start=\"519\" data-end=\"550\">\u2699\ufe0f <strong data-start=\"525\" data-end=\"550\">Funciones principales<\/strong><\/h2>\n<p data-start=\"552\" data-end=\"583\"><strong data-start=\"552\" data-end=\"581\">Personalizaci\u00f3n y sistema<\/strong><\/p>\n<ul data-start=\"584\" data-end=\"826\">\n<li data-start=\"584\" data-end=\"619\">\n<p data-start=\"586\" data-end=\"619\">Tienda de esferas (Dial Market)<\/p>\n<\/li>\n<li data-start=\"620\" data-end=\"646\">\n<p data-start=\"622\" data-end=\"646\">Esferas personalizadas<\/p>\n<\/li>\n<li data-start=\"647\" data-end=\"679\">\n<p data-start=\"649\" data-end=\"679\">Push de esferas desde la app<\/p>\n<\/li>\n<li data-start=\"680\" data-end=\"713\">\n<p data-start=\"682\" data-end=\"713\">Pantalla dividida inteligente<\/p>\n<\/li>\n<li data-start=\"714\" data-end=\"757\">\n<p data-start=\"716\" data-end=\"757\">Ajuste de tiempo de apagado de pantalla<\/p>\n<\/li>\n<li data-start=\"758\" data-end=\"796\">\n<p data-start=\"760\" data-end=\"796\">Bloqueo de pantalla con contrase\u00f1a<\/p>\n<\/li>\n<li data-start=\"797\" data-end=\"826\">\n<p data-start=\"799\" data-end=\"826\">Compatible con 24 idiomas<\/p>\n<\/li>\n<\/ul>\n<p data-start=\"828\" data-end=\"849\"><strong data-start=\"828\" data-end=\"847\">Salud y deporte<\/strong><\/p>\n<ul data-start=\"850\" data-end=\"1072\">\n<li data-start=\"850\" data-end=\"871\">\n<p data-start=\"852\" data-end=\"871\">Modo multideporte<\/p>\n<\/li>\n<li data-start=\"872\" data-end=\"908\">\n<p data-start=\"874\" data-end=\"908\">Monitoreo de frecuencia card\u00edaca<\/p>\n<\/li>\n<li data-start=\"909\" data-end=\"929\">\n<p data-start=\"911\" data-end=\"929\">Presi\u00f3n arterial<\/p>\n<\/li>\n<li data-start=\"930\" data-end=\"958\">\n<p data-start=\"932\" data-end=\"958\">Ox\u00edgeno en sangre (SpO\u2082)<\/p>\n<\/li>\n<li data-start=\"959\" data-end=\"981\">\n<p data-start=\"961\" data-end=\"981\">Monitoreo de sue\u00f1o<\/p>\n<\/li>\n<li data-start=\"982\" data-end=\"1012\">\n<p data-start=\"984\" data-end=\"1012\">Entrenamiento respiratorio<\/p>\n<\/li>\n<li data-start=\"1013\" data-end=\"1045\">\n<p data-start=\"1015\" data-end=\"1045\">Recordatorio de sedentarismo<\/p>\n<\/li>\n<li data-start=\"1046\" data-end=\"1072\">\n<p data-start=\"1048\" data-end=\"1072\">Recordatorios de salud<\/p>\n<\/li>\n<\/ul>\n<p data-start=\"1074\" data-end=\"1102\"><strong data-start=\"1074\" data-end=\"1100\">Funciones inteligentes<\/strong><\/p>\n<ul data-start=\"1103\" data-end=\"1424\">\n<li data-start=\"1103\" data-end=\"1125\">\n<p data-start=\"1105\" data-end=\"1125\">Llamadas Bluetooth<\/p>\n<\/li>\n<li data-start=\"1126\" data-end=\"1158\">\n<p data-start=\"1128\" data-end=\"1158\">Gestos para atender llamadas<\/p>\n<\/li>\n<li data-start=\"1159\" data-end=\"1200\">\n<p data-start=\"1161\" data-end=\"1200\">Notificaciones de llamadas y mensajes<\/p>\n<\/li>\n<li data-start=\"1201\" data-end=\"1222\">\n<p data-start=\"1203\" data-end=\"1222\">Control de m\u00fasica<\/p>\n<\/li>\n<li data-start=\"1223\" data-end=\"1263\">\n<p data-start=\"1225\" data-end=\"1263\">Reproducci\u00f3n de m\u00fasica por Bluetooth<\/p>\n<\/li>\n<li data-start=\"1264\" data-end=\"1292\">\n<p data-start=\"1266\" data-end=\"1292\">Control remoto de c\u00e1mara<\/p>\n<\/li>\n<li data-start=\"1293\" data-end=\"1321\">\n<p data-start=\"1295\" data-end=\"1321\">Control de videos cortos<\/p>\n<\/li>\n<li data-start=\"1322\" data-end=\"1331\">\n<p data-start=\"1324\" data-end=\"1331\">Clima<\/p>\n<\/li>\n<li data-start=\"1332\" data-end=\"1342\">\n<p data-start=\"1334\" data-end=\"1342\">Alarma<\/p>\n<\/li>\n<li data-start=\"1343\" data-end=\"1372\">\n<p data-start=\"1345\" data-end=\"1372\">Cron\u00f3metro y temporizador<\/p>\n<\/li>\n<li data-start=\"1373\" data-end=\"1388\">\n<p data-start=\"1375\" data-end=\"1388\">Calculadora<\/p>\n<\/li>\n<li data-start=\"1389\" data-end=\"1401\">\n<p data-start=\"1391\" data-end=\"1401\">Linterna<\/p>\n<\/li>\n<li data-start=\"1402\" data-end=\"1424\">\n<p data-start=\"1404\" data-end=\"1424\">Buscar el tel\u00e9fono<\/p>\n<\/li>\n<\/ul>\n<p data-start=\"1426\" data-end=\"1452\"><strong data-start=\"1426\" data-end=\"1450\">Pagos y herramientas<\/strong><\/p>\n<ul data-start=\"1453\" data-end=\"1553\">\n<li data-start=\"1453\" data-end=\"1503\">\n<p data-start=\"1455\" data-end=\"1503\">C\u00f3digos QR para pagos (Alipay, WeChat, PayPal)<\/p>\n<\/li>\n<li data-start=\"1504\" data-end=\"1525\">\n<p data-start=\"1506\" data-end=\"1525\">Tarjetero digital<\/p>\n<\/li>\n<li data-start=\"1526\" data-end=\"1553\">\n<p data-start=\"1528\" data-end=\"1553\">Asistente de voz con IA<\/p>\n<\/li>\n<\/ul>\n<hr data-start=\"1555\" data-end=\"1558\" \/>\n<h2 data-start=\"1560\" data-end=\"1584\">\ud83d\udcf1 <strong data-start=\"1566\" data-end=\"1584\">App compatible<\/strong><\/h2>\n<ul data-start=\"1585\" data-end=\"1598\">\n<li data-start=\"1585\" data-end=\"1598\">\n<p data-start=\"1587\" data-end=\"1598\"><strong data-start=\"1587\" data-end=\"1598\">WearFit<\/strong><\/p>\n<\/li>\n<\/ul>\n<hr data-start=\"1600\" data-end=\"1603\" \/>\n<h2 data-start=\"1605\" data-end=\"1622\">\u231a <strong data-start=\"1610\" data-end=\"1622\">Material<\/strong><\/h2>\n<ul data-start=\"1623\" data-end=\"1645\">\n<li data-start=\"1623\" data-end=\"1645\">\n<p data-start=\"1625\" data-end=\"1645\">Correa de silicona<\/p>\n<\/li>\n<\/ul>","protected":false},"excerpt":{"rendered":"<p>Modelo: WS-GS91CPU: AB8959Memoria: 132 MB Pantalla: TFT 1.52\u201d Resoluci\u00f3n 360 \u00d7 360 Llamadas Bluetooth: S\u00ed Carga: Carga magn\u00e9tica (Magnetic contact) Resistencia al agua: IP67 (resistente al agua y al polvo para uso diario) Bater\u00eda: 320 mAh Colores disponibles: Negro, Rojo, Gris, Azul, Verde \u2699\ufe0f Funciones principales Personalizaci\u00f3n y sistema Tienda de esferas (Dial Market) Esferas [&#8230;]\n","protected":false},"featured_media":688,"template":"","meta":[],"product_brand":[],"product_cat":[35,88],"product_tag":[],"class_list":{"0":"post-687","1":"product","2":"type-product","3":"status-publish","4":"has-post-thumbnail","6":"product_cat-productos-electronicos","7":"product_cat-reloj-inteligente","9":"first","10":"instock","11":"shipping-taxable","12":"purchasable","13":"product-type-variable"},"jetpack_sharing_enabled":true,"_links":{"self":[{"href":"https:\/\/wang.ar\/zh\/wp-json\/wp\/v2\/product\/687","targetHints":{"allow":["GET"]}}],"collection":[{"href":"https:\/\/wang.ar\/zh\/wp-json\/wp\/v2\/product"}],"about":[{"href":"https:\/\/wang.ar\/zh\/wp-json\/wp\/v2\/types\/product"}],"wp:featuredmedia":[{"embeddable":true,"href":"https:\/\/wang.ar\/zh\/wp-json\/wp\/v2\/media\/688"}],"wp:attachment":[{"href":"https:\/\/wang.ar\/zh\/wp-json\/wp\/v2\/media?parent=687"}],"wp:term":[{"taxonomy":"product_brand","embeddable":true,"href":"https:\/\/wang.ar\/zh\/wp-json\/wp\/v2\/product_brand?post=687"},{"taxonomy":"product_cat","embeddable":true,"href":"https:\/\/wang.ar\/zh\/wp-json\/wp\/v2\/product_cat?post=687"},{"taxonomy":"product_tag","embeddable":true,"href":"https:\/\/wang.ar\/zh\/wp-json\/wp\/v2\/product_tag?post=687"}],"curies":[{"name":"wp","href":"https:\/\/api.w.org\/{rel}","templated":true}]}}