{"id":735,"date":"2025-12-29T11:15:50","date_gmt":"2025-12-29T14:15:50","guid":{"rendered":"https:\/\/wang.ar\/?post_type=product&#038;p=735"},"modified":"2025-12-29T11:18:23","modified_gmt":"2025-12-29T14:18:23","slug":"reloj-inteligente-ws-gs92","status":"publish","type":"product","link":"https:\/\/wang.ar\/zh\/product\/reloj-inteligente-ws-gs92\/","title":{"rendered":"\u667a\u80fd\u624b\u8868WS-GS92"},"content":{"rendered":"<p data-start=\"152\" data-end=\"217\"><strong data-start=\"152\" data-end=\"163\">Modelo:<\/strong> WS-GS92<br data-start=\"171\" data-end=\"174\" \/><strong data-start=\"174\" data-end=\"186\">CPU:<\/strong> AB8959<br data-start=\"193\" data-end=\"196\" \/><strong data-start=\"196\" data-end=\"208\">Memoria:<\/strong> 132 MB<\/p>\n<p data-start=\"219\" data-end=\"234\"><strong data-start=\"219\" data-end=\"232\">Pantalla:<\/strong><\/p>\n<ul data-start=\"235\" data-end=\"273\">\n<li data-start=\"235\" data-end=\"248\">\n<p data-start=\"237\" data-end=\"248\">TFT 1,32\u201d<\/p>\n<\/li>\n<li data-start=\"249\" data-end=\"273\">\n<p data-start=\"251\" data-end=\"273\">Resoluci\u00f3n 360 \u00d7 360<\/p>\n<\/li>\n<\/ul>\n<p data-start=\"275\" data-end=\"300\"><strong data-start=\"275\" data-end=\"295\">Pantalla t\u00e1ctil:<\/strong> S\u00ed<\/p>\n<p data-start=\"302\" data-end=\"314\"><strong data-start=\"302\" data-end=\"312\">Carga:<\/strong><\/p>\n<ul data-start=\"315\" data-end=\"336\">\n<li data-start=\"315\" data-end=\"336\">\n<p data-start=\"317\" data-end=\"336\">Carga inal\u00e1mbrica<\/p>\n<\/li>\n<\/ul>\n<p data-start=\"338\" data-end=\"364\"><strong data-start=\"338\" data-end=\"362\">Resistencia al agua:<\/strong><\/p>\n<ul data-start=\"365\" data-end=\"405\">\n<li data-start=\"365\" data-end=\"405\">\n<p data-start=\"367\" data-end=\"405\">IP67 (resistente al agua y al polvo)<\/p>\n<\/li>\n<\/ul>\n<p data-start=\"407\" data-end=\"421\"><strong data-start=\"407\" data-end=\"419\">Bater\u00eda:<\/strong><\/p>\n<ul data-start=\"422\" data-end=\"433\">\n<li data-start=\"422\" data-end=\"433\">\n<p data-start=\"424\" data-end=\"433\">320 mAh<\/p>\n<\/li>\n<\/ul>\n<p data-start=\"435\" data-end=\"461\"><strong data-start=\"435\" data-end=\"459\">Colores disponibles:<\/strong><\/p>\n<ul data-start=\"462\" data-end=\"490\">\n<li data-start=\"462\" data-end=\"490\">\n<p data-start=\"464\" data-end=\"490\">Blanco, Rojo, Azul, Rosa<\/p>\n<\/li>\n<\/ul>\n<hr data-start=\"492\" data-end=\"495\" \/>\n<h3 data-start=\"497\" data-end=\"526\"><strong data-start=\"501\" data-end=\"526\">Funciones principales<\/strong><\/h3>\n<ul data-start=\"528\" data-end=\"857\">\n<li data-start=\"528\" data-end=\"554\">\n<p data-start=\"530\" data-end=\"554\">Llamadas por Bluetooth<\/p>\n<\/li>\n<li data-start=\"555\" data-end=\"591\">\n<p data-start=\"557\" data-end=\"591\">Mercado de esferas (Dial Market)<\/p>\n<\/li>\n<li data-start=\"592\" data-end=\"618\">\n<p data-start=\"594\" data-end=\"618\">Esferas personalizadas<\/p>\n<\/li>\n<li data-start=\"619\" data-end=\"666\">\n<p data-start=\"621\" data-end=\"666\">Apagado autom\u00e1tico de pantalla configurable<\/p>\n<\/li>\n<li data-start=\"667\" data-end=\"693\">\n<p data-start=\"669\" data-end=\"693\">Conexi\u00f3n por c\u00f3digo QR<\/p>\n<\/li>\n<li data-start=\"694\" data-end=\"725\">\n<p data-start=\"696\" data-end=\"725\">Componentes personalizables<\/p>\n<\/li>\n<li data-start=\"726\" data-end=\"759\">\n<p data-start=\"728\" data-end=\"759\">Pantalla dividida inteligente<\/p>\n<\/li>\n<li data-start=\"760\" data-end=\"793\">\n<p data-start=\"762\" data-end=\"793\">Modo deportivo (multideporte)<\/p>\n<\/li>\n<li data-start=\"794\" data-end=\"826\">\n<p data-start=\"796\" data-end=\"826\">Acceso r\u00e1pido a modo deporte<\/p>\n<\/li>\n<li data-start=\"827\" data-end=\"857\">\n<p data-start=\"829\" data-end=\"857\">Entrenamiento respiratorio<\/p>\n<\/li>\n<\/ul>\n<hr data-start=\"859\" data-end=\"862\" \/>\n<h3 data-start=\"864\" data-end=\"889\"><strong data-start=\"868\" data-end=\"889\">Salud y bienestar<\/strong><\/h3>\n<ul data-start=\"891\" data-end=\"1102\">\n<li data-start=\"891\" data-end=\"920\">\n<p data-start=\"893\" data-end=\"920\">Monitor de ritmo card\u00edaco<\/p>\n<\/li>\n<li data-start=\"921\" data-end=\"941\">\n<p data-start=\"923\" data-end=\"941\">Presi\u00f3n arterial<\/p>\n<\/li>\n<li data-start=\"942\" data-end=\"970\">\n<p data-start=\"944\" data-end=\"970\">Ox\u00edgeno en sangre (SpO\u2082)<\/p>\n<\/li>\n<li data-start=\"971\" data-end=\"993\">\n<p data-start=\"973\" data-end=\"993\">Monitoreo de sue\u00f1o<\/p>\n<\/li>\n<li data-start=\"994\" data-end=\"1026\">\n<p data-start=\"996\" data-end=\"1026\">Recordatorio de sedentarismo<\/p>\n<\/li>\n<li data-start=\"1027\" data-end=\"1053\">\n<p data-start=\"1029\" data-end=\"1053\">Recordatorios de salud<\/p>\n<\/li>\n<li data-start=\"1054\" data-end=\"1102\">\n<p data-start=\"1056\" data-end=\"1102\">Levantar la mu\u00f1eca para encender la pantalla<\/p>\n<\/li>\n<\/ul>\n<hr data-start=\"1104\" data-end=\"1107\" \/>\n<h3 data-start=\"1109\" data-end=\"1142\"><strong data-start=\"1113\" data-end=\"1142\">Herramientas y utilidades<\/strong><\/h3>\n<ul data-start=\"1144\" data-end=\"1391\">\n<li data-start=\"1144\" data-end=\"1172\">\n<p data-start=\"1146\" data-end=\"1172\">Recordatorio de llamadas<\/p>\n<\/li>\n<li data-start=\"1173\" data-end=\"1203\">\n<p data-start=\"1175\" data-end=\"1203\">Notificaciones de mensajes<\/p>\n<\/li>\n<li data-start=\"1204\" data-end=\"1214\">\n<p data-start=\"1206\" data-end=\"1214\">Alarma<\/p>\n<\/li>\n<li data-start=\"1215\" data-end=\"1244\">\n<p data-start=\"1217\" data-end=\"1244\">Cron\u00f3metro y temporizador<\/p>\n<\/li>\n<li data-start=\"1245\" data-end=\"1260\">\n<p data-start=\"1247\" data-end=\"1260\">Calculadora<\/p>\n<\/li>\n<li data-start=\"1261\" data-end=\"1270\">\n<p data-start=\"1263\" data-end=\"1270\">Clima<\/p>\n<\/li>\n<li data-start=\"1271\" data-end=\"1283\">\n<p data-start=\"1273\" data-end=\"1283\">Linterna<\/p>\n<\/li>\n<li data-start=\"1284\" data-end=\"1324\">\n<p data-start=\"1286\" data-end=\"1324\">Buscar el reloj \/ buscar el tel\u00e9fono<\/p>\n<\/li>\n<li data-start=\"1325\" data-end=\"1363\">\n<p data-start=\"1327\" data-end=\"1363\">Bloqueo de pantalla con contrase\u00f1a<\/p>\n<\/li>\n<li data-start=\"1364\" data-end=\"1391\">\n<p data-start=\"1366\" data-end=\"1391\">Soporte para 24 idiomas<\/p>\n<\/li>\n<\/ul>\n<hr data-start=\"1393\" data-end=\"1396\" \/>\n<h3 data-start=\"1398\" data-end=\"1441\"><strong data-start=\"1402\" data-end=\"1441\">Multimedia y funciones inteligentes<\/strong><\/h3>\n<ul data-start=\"1443\" data-end=\"1658\">\n<li data-start=\"1443\" data-end=\"1464\">\n<p data-start=\"1445\" data-end=\"1464\">Control de m\u00fasica<\/p>\n<\/li>\n<li data-start=\"1465\" data-end=\"1505\">\n<p data-start=\"1467\" data-end=\"1505\">Reproducci\u00f3n de m\u00fasica por Bluetooth<\/p>\n<\/li>\n<li data-start=\"1506\" data-end=\"1560\">\n<p data-start=\"1508\" data-end=\"1560\">Control remoto de c\u00e1mara (sacudir para tomar foto)<\/p>\n<\/li>\n<li data-start=\"1561\" data-end=\"1596\">\n<p data-start=\"1563\" data-end=\"1596\">Control remoto de videos cortos<\/p>\n<\/li>\n<li data-start=\"1597\" data-end=\"1624\">\n<p data-start=\"1599\" data-end=\"1624\">Asistente de voz con IA<\/p>\n<\/li>\n<li data-start=\"1625\" data-end=\"1658\">\n<p data-start=\"1627\" data-end=\"1658\">Responder llamadas con gestos<\/p>\n<\/li>\n<\/ul>\n<hr data-start=\"1660\" data-end=\"1663\" \/>\n<h3 data-start=\"1665\" data-end=\"1700\"><strong data-start=\"1669\" data-end=\"1700\">Pagos y funciones avanzadas<\/strong><\/h3>\n<ul data-start=\"1702\" data-end=\"1821\">\n<li data-start=\"1702\" data-end=\"1756\">\n<p data-start=\"1704\" data-end=\"1756\">C\u00f3digos QR para pagos (Alipay, WeChat Pay, PayPal)<\/p>\n<\/li>\n<li data-start=\"1757\" data-end=\"1778\">\n<p data-start=\"1759\" data-end=\"1778\">Tarjetero digital<\/p>\n<\/li>\n<li data-start=\"1779\" data-end=\"1821\">\n<p data-start=\"1781\" data-end=\"1821\">Sincronizaci\u00f3n de esferas desde la app<\/p>\n<\/li>\n<\/ul>\n<hr data-start=\"1823\" data-end=\"1826\" \/>\n<h3 data-start=\"1828\" data-end=\"1857\"><strong data-start=\"1832\" data-end=\"1857\">Aplicaci\u00f3n compatible<\/strong><\/h3>\n<ul data-start=\"1859\" data-end=\"1873\">\n<li data-start=\"1859\" data-end=\"1873\">\n<p data-start=\"1861\" data-end=\"1873\"><strong data-start=\"1861\" data-end=\"1873\">Wear Fit<\/strong><\/p>\n<\/li>\n<\/ul>\n<hr data-start=\"1875\" data-end=\"1878\" \/>\n<h3 data-start=\"1880\" data-end=\"1896\"><strong data-start=\"1884\" data-end=\"1896\">Material<\/strong><\/h3>\n<ul data-start=\"1898\" data-end=\"1920\">\n<li data-start=\"1898\" data-end=\"1920\">\n<p data-start=\"1900\" data-end=\"1920\">Correa de silicona<\/p>\n<\/li>\n<\/ul>","protected":false},"excerpt":{"rendered":"<p>Modelo: WS-GS92CPU: AB8959Memoria: 132 MB Pantalla: TFT 1,32\u201d Resoluci\u00f3n 360 \u00d7 360 Pantalla t\u00e1ctil: S\u00ed Carga: Carga inal\u00e1mbrica Resistencia al agua: IP67 (resistente al agua y al polvo) Bater\u00eda: 320 mAh Colores disponibles: Blanco, Rojo, Azul, Rosa Funciones principales Llamadas por Bluetooth Mercado de esferas (Dial Market) Esferas personalizadas Apagado autom\u00e1tico de pantalla configurable Conexi\u00f3n [&#8230;]\n","protected":false},"featured_media":736,"template":"","meta":[],"product_brand":[],"product_cat":[35,88],"product_tag":[97],"class_list":{"0":"post-735","1":"product","2":"type-product","3":"status-publish","4":"has-post-thumbnail","6":"product_cat-productos-electronicos","7":"product_cat-reloj-inteligente","8":"product_tag-reloj-inteligente","10":"first","11":"instock","12":"shipping-taxable","13":"purchasable","14":"product-type-variable"},"jetpack_sharing_enabled":true,"_links":{"self":[{"href":"https:\/\/wang.ar\/zh\/wp-json\/wp\/v2\/product\/735","targetHints":{"allow":["GET"]}}],"collection":[{"href":"https:\/\/wang.ar\/zh\/wp-json\/wp\/v2\/product"}],"about":[{"href":"https:\/\/wang.ar\/zh\/wp-json\/wp\/v2\/types\/product"}],"wp:featuredmedia":[{"embeddable":true,"href":"https:\/\/wang.ar\/zh\/wp-json\/wp\/v2\/media\/736"}],"wp:attachment":[{"href":"https:\/\/wang.ar\/zh\/wp-json\/wp\/v2\/media?parent=735"}],"wp:term":[{"taxonomy":"product_brand","embeddable":true,"href":"https:\/\/wang.ar\/zh\/wp-json\/wp\/v2\/product_brand?post=735"},{"taxonomy":"product_cat","embeddable":true,"href":"https:\/\/wang.ar\/zh\/wp-json\/wp\/v2\/product_cat?post=735"},{"taxonomy":"product_tag","embeddable":true,"href":"https:\/\/wang.ar\/zh\/wp-json\/wp\/v2\/product_tag?post=735"}],"curies":[{"name":"wp","href":"https:\/\/api.w.org\/{rel}","templated":true}]}}