{"id":746,"date":"2025-12-29T11:49:33","date_gmt":"2025-12-29T14:49:33","guid":{"rendered":"https:\/\/wang.ar\/?post_type=product&#038;p=746"},"modified":"2025-12-29T12:07:24","modified_gmt":"2025-12-29T15:07:24","slug":"ws-gs93","status":"publish","type":"product","link":"https:\/\/wang.ar\/zh\/product\/ws-gs93\/","title":{"rendered":"\u667a\u80fd\u624b\u8868WS-GS93"},"content":{"rendered":"<p data-start=\"174\" data-end=\"239\"><strong data-start=\"174\" data-end=\"185\">Modelo:<\/strong> WS-GS93<br data-start=\"193\" data-end=\"196\" \/><strong data-start=\"196\" data-end=\"208\">CPU:<\/strong> AB8959<br data-start=\"215\" data-end=\"218\" \/><strong data-start=\"218\" data-end=\"230\">Memoria:<\/strong> 132 MB<\/p>\n<p data-start=\"241\" data-end=\"256\"><strong data-start=\"241\" data-end=\"254\">Pantalla:<\/strong><\/p>\n<ul data-start=\"257\" data-end=\"295\">\n<li data-start=\"257\" data-end=\"270\">\n<p data-start=\"259\" data-end=\"270\">TFT 1,52\u201d<\/p>\n<\/li>\n<li data-start=\"271\" data-end=\"295\">\n<p data-start=\"273\" data-end=\"295\">Resoluci\u00f3n 360 \u00d7 360<\/p>\n<\/li>\n<\/ul>\n<p data-start=\"297\" data-end=\"322\"><strong data-start=\"297\" data-end=\"317\">Pantalla t\u00e1ctil:<\/strong> S\u00ed<\/p>\n<p data-start=\"324\" data-end=\"336\"><strong data-start=\"324\" data-end=\"334\">Carga:<\/strong><\/p>\n<ul data-start=\"337\" data-end=\"375\">\n<li data-start=\"337\" data-end=\"375\">\n<p data-start=\"339\" data-end=\"375\">Carga magn\u00e9tica (contacto magn\u00e9tico)<\/p>\n<\/li>\n<\/ul>\n<p data-start=\"377\" data-end=\"403\"><strong data-start=\"377\" data-end=\"401\">Resistencia al agua:<\/strong><\/p>\n<ul data-start=\"404\" data-end=\"442\">\n<li data-start=\"404\" data-end=\"442\">\n<p data-start=\"406\" data-end=\"442\">IP67 (resistente al agua y al polvo)<\/p>\n<\/li>\n<\/ul>\n<p data-start=\"444\" data-end=\"458\"><strong data-start=\"444\" data-end=\"456\">Bater\u00eda:<\/strong><\/p>\n<ul data-start=\"459\" data-end=\"470\">\n<li data-start=\"459\" data-end=\"470\">\n<p data-start=\"461\" data-end=\"470\">320 mAh<\/p>\n<\/li>\n<\/ul>\n<p data-start=\"472\" data-end=\"498\"><strong data-start=\"472\" data-end=\"496\">Colores disponibles:<\/strong><\/p>\n<ul data-start=\"499\" data-end=\"521\">\n<li data-start=\"499\" data-end=\"521\">\n<p data-start=\"501\" data-end=\"521\">Negro, Gris, Verde<\/p>\n<\/li>\n<\/ul>\n<hr data-start=\"523\" data-end=\"526\" \/>\n<h2 data-start=\"528\" data-end=\"556\"><strong data-start=\"531\" data-end=\"556\">Funciones principales<\/strong><\/h2>\n<ul data-start=\"558\" data-end=\"892\">\n<li data-start=\"558\" data-end=\"584\">\n<p data-start=\"560\" data-end=\"584\">Llamadas por Bluetooth<\/p>\n<\/li>\n<li data-start=\"585\" data-end=\"621\">\n<p data-start=\"587\" data-end=\"621\">Mercado de esferas (Dial Market)<\/p>\n<\/li>\n<li data-start=\"622\" data-end=\"648\">\n<p data-start=\"624\" data-end=\"648\">Esferas personalizadas<\/p>\n<\/li>\n<li data-start=\"649\" data-end=\"696\">\n<p data-start=\"651\" data-end=\"696\">Apagado autom\u00e1tico de pantalla configurable<\/p>\n<\/li>\n<li data-start=\"697\" data-end=\"728\">\n<p data-start=\"699\" data-end=\"728\">Conexi\u00f3n mediante c\u00f3digo QR<\/p>\n<\/li>\n<li data-start=\"729\" data-end=\"760\">\n<p data-start=\"731\" data-end=\"760\">Componentes personalizables<\/p>\n<\/li>\n<li data-start=\"761\" data-end=\"794\">\n<p data-start=\"763\" data-end=\"794\">Pantalla dividida inteligente<\/p>\n<\/li>\n<li data-start=\"795\" data-end=\"828\">\n<p data-start=\"797\" data-end=\"828\">Modo deportivo (multideporte)<\/p>\n<\/li>\n<li data-start=\"829\" data-end=\"861\">\n<p data-start=\"831\" data-end=\"861\">Acceso r\u00e1pido a modo deporte<\/p>\n<\/li>\n<li data-start=\"862\" data-end=\"892\">\n<p data-start=\"864\" data-end=\"892\">Entrenamiento respiratorio<\/p>\n<\/li>\n<\/ul>\n<hr data-start=\"894\" data-end=\"897\" \/>\n<h2 data-start=\"899\" data-end=\"923\"><strong data-start=\"902\" data-end=\"923\">Salud y bienestar<\/strong><\/h2>\n<ul data-start=\"925\" data-end=\"1141\">\n<li data-start=\"925\" data-end=\"959\">\n<p data-start=\"927\" data-end=\"959\">Monitor de frecuencia card\u00edaca<\/p>\n<\/li>\n<li data-start=\"960\" data-end=\"980\">\n<p data-start=\"962\" data-end=\"980\">Presi\u00f3n arterial<\/p>\n<\/li>\n<li data-start=\"981\" data-end=\"1009\">\n<p data-start=\"983\" data-end=\"1009\">Ox\u00edgeno en sangre (SpO\u2082)<\/p>\n<\/li>\n<li data-start=\"1010\" data-end=\"1032\">\n<p data-start=\"1012\" data-end=\"1032\">Monitoreo de sue\u00f1o<\/p>\n<\/li>\n<li data-start=\"1033\" data-end=\"1065\">\n<p data-start=\"1035\" data-end=\"1065\">Recordatorio de sedentarismo<\/p>\n<\/li>\n<li data-start=\"1066\" data-end=\"1092\">\n<p data-start=\"1068\" data-end=\"1092\">Recordatorios de salud<\/p>\n<\/li>\n<li data-start=\"1093\" data-end=\"1141\">\n<p data-start=\"1095\" data-end=\"1141\">Levantar la mu\u00f1eca para encender la pantalla<\/p>\n<\/li>\n<\/ul>\n<hr data-start=\"1143\" data-end=\"1146\" \/>\n<h2 data-start=\"1148\" data-end=\"1180\"><strong data-start=\"1151\" data-end=\"1180\">Herramientas y utilidades<\/strong><\/h2>\n<ul data-start=\"1182\" data-end=\"1429\">\n<li data-start=\"1182\" data-end=\"1210\">\n<p data-start=\"1184\" data-end=\"1210\">Recordatorio de llamadas<\/p>\n<\/li>\n<li data-start=\"1211\" data-end=\"1241\">\n<p data-start=\"1213\" data-end=\"1241\">Notificaciones de mensajes<\/p>\n<\/li>\n<li data-start=\"1242\" data-end=\"1252\">\n<p data-start=\"1244\" data-end=\"1252\">Alarma<\/p>\n<\/li>\n<li data-start=\"1253\" data-end=\"1282\">\n<p data-start=\"1255\" data-end=\"1282\">Cron\u00f3metro y temporizador<\/p>\n<\/li>\n<li data-start=\"1283\" data-end=\"1298\">\n<p data-start=\"1285\" data-end=\"1298\">Calculadora<\/p>\n<\/li>\n<li data-start=\"1299\" data-end=\"1308\">\n<p data-start=\"1301\" data-end=\"1308\">Clima<\/p>\n<\/li>\n<li data-start=\"1309\" data-end=\"1321\">\n<p data-start=\"1311\" data-end=\"1321\">Linterna<\/p>\n<\/li>\n<li data-start=\"1322\" data-end=\"1362\">\n<p data-start=\"1324\" data-end=\"1362\">Buscar el reloj \/ Buscar el tel\u00e9fono<\/p>\n<\/li>\n<li data-start=\"1363\" data-end=\"1401\">\n<p data-start=\"1365\" data-end=\"1401\">Bloqueo de pantalla con contrase\u00f1a<\/p>\n<\/li>\n<li data-start=\"1402\" data-end=\"1429\">\n<p data-start=\"1404\" data-end=\"1429\">Soporte para 24 idiomas<\/p>\n<\/li>\n<\/ul>\n<hr data-start=\"1431\" data-end=\"1434\" \/>\n<h2 data-start=\"1436\" data-end=\"1478\"><strong data-start=\"1439\" data-end=\"1478\">Multimedia y funciones inteligentes<\/strong><\/h2>\n<ul data-start=\"1480\" data-end=\"1695\">\n<li data-start=\"1480\" data-end=\"1501\">\n<p data-start=\"1482\" data-end=\"1501\">Control de m\u00fasica<\/p>\n<\/li>\n<li data-start=\"1502\" data-end=\"1542\">\n<p data-start=\"1504\" data-end=\"1542\">Reproducci\u00f3n de m\u00fasica por Bluetooth<\/p>\n<\/li>\n<li data-start=\"1543\" data-end=\"1597\">\n<p data-start=\"1545\" data-end=\"1597\">Control remoto de c\u00e1mara (sacudir para tomar foto)<\/p>\n<\/li>\n<li data-start=\"1598\" data-end=\"1633\">\n<p data-start=\"1600\" data-end=\"1633\">Control remoto de videos cortos<\/p>\n<\/li>\n<li data-start=\"1634\" data-end=\"1661\">\n<p data-start=\"1636\" data-end=\"1661\">Asistente de voz con IA<\/p>\n<\/li>\n<li data-start=\"1662\" data-end=\"1695\">\n<p data-start=\"1664\" data-end=\"1695\">Responder llamadas con gestos<\/p>\n<\/li>\n<\/ul>\n<hr data-start=\"1697\" data-end=\"1700\" \/>\n<h2 data-start=\"1702\" data-end=\"1736\"><strong data-start=\"1705\" data-end=\"1736\">Pagos y funciones avanzadas<\/strong><\/h2>\n<ul data-start=\"1738\" data-end=\"1860\">\n<li data-start=\"1738\" data-end=\"1795\">\n<p data-start=\"1740\" data-end=\"1795\">Pagos mediante c\u00f3digo QR (Alipay, WeChat Pay, PayPal)<\/p>\n<\/li>\n<li data-start=\"1796\" data-end=\"1817\">\n<p data-start=\"1798\" data-end=\"1817\">Tarjetero digital<\/p>\n<\/li>\n<li data-start=\"1818\" data-end=\"1860\">\n<p data-start=\"1820\" data-end=\"1860\">Sincronizaci\u00f3n de esferas desde la app<\/p>\n<\/li>\n<\/ul>\n<hr data-start=\"1862\" data-end=\"1865\" \/>\n<h2 data-start=\"1867\" data-end=\"1895\"><strong data-start=\"1870\" data-end=\"1895\">Aplicaci\u00f3n compatible<\/strong><\/h2>\n<ul data-start=\"1897\" data-end=\"1911\">\n<li data-start=\"1897\" data-end=\"1911\">\n<p data-start=\"1899\" data-end=\"1911\"><strong data-start=\"1899\" data-end=\"1911\">Wear Fit<\/strong><\/p>\n<\/li>\n<\/ul>\n<hr data-start=\"1913\" data-end=\"1916\" \/>\n<h2 data-start=\"1918\" data-end=\"1933\"><strong data-start=\"1921\" data-end=\"1933\">Material<\/strong><\/h2>\n<ul data-start=\"1935\" data-end=\"1957\">\n<li data-start=\"1935\" data-end=\"1957\">\n<p data-start=\"1937\" data-end=\"1957\">Correa de silicona<\/p>\n<\/li>\n<\/ul>","protected":false},"excerpt":{"rendered":"<p>Modelo: WS-GS93CPU: AB8959Memoria: 132 MB Pantalla: TFT 1,52\u201d Resoluci\u00f3n 360 \u00d7 360 Pantalla t\u00e1ctil: S\u00ed Carga: Carga magn\u00e9tica (contacto magn\u00e9tico) Resistencia al agua: IP67 (resistente al agua y al polvo) Bater\u00eda: 320 mAh Colores disponibles: Negro, Gris, Verde Funciones principales Llamadas por Bluetooth Mercado de esferas (Dial Market) Esferas personalizadas Apagado autom\u00e1tico de pantalla configurable [&#8230;]\n","protected":false},"featured_media":747,"template":"","meta":[],"product_brand":[],"product_cat":[35,88],"product_tag":[97],"class_list":{"0":"post-746","1":"product","2":"type-product","3":"status-publish","4":"has-post-thumbnail","6":"product_cat-productos-electronicos","7":"product_cat-reloj-inteligente","8":"product_tag-reloj-inteligente","10":"first","11":"instock","12":"shipping-taxable","13":"purchasable","14":"product-type-variable"},"jetpack_sharing_enabled":true,"_links":{"self":[{"href":"https:\/\/wang.ar\/zh\/wp-json\/wp\/v2\/product\/746","targetHints":{"allow":["GET"]}}],"collection":[{"href":"https:\/\/wang.ar\/zh\/wp-json\/wp\/v2\/product"}],"about":[{"href":"https:\/\/wang.ar\/zh\/wp-json\/wp\/v2\/types\/product"}],"wp:featuredmedia":[{"embeddable":true,"href":"https:\/\/wang.ar\/zh\/wp-json\/wp\/v2\/media\/747"}],"wp:attachment":[{"href":"https:\/\/wang.ar\/zh\/wp-json\/wp\/v2\/media?parent=746"}],"wp:term":[{"taxonomy":"product_brand","embeddable":true,"href":"https:\/\/wang.ar\/zh\/wp-json\/wp\/v2\/product_brand?post=746"},{"taxonomy":"product_cat","embeddable":true,"href":"https:\/\/wang.ar\/zh\/wp-json\/wp\/v2\/product_cat?post=746"},{"taxonomy":"product_tag","embeddable":true,"href":"https:\/\/wang.ar\/zh\/wp-json\/wp\/v2\/product_tag?post=746"}],"curies":[{"name":"wp","href":"https:\/\/api.w.org\/{rel}","templated":true}]}}