{"id":755,"date":"2025-12-29T12:45:04","date_gmt":"2025-12-29T15:45:04","guid":{"rendered":"https:\/\/wang.ar\/?post_type=product&#038;p=755"},"modified":"2025-12-29T12:50:40","modified_gmt":"2025-12-29T15:50:40","slug":"reloj-inteligente-ws-gs95","status":"publish","type":"product","link":"https:\/\/wang.ar\/zh\/product\/reloj-inteligente-ws-gs95\/","title":{"rendered":"Reloj inteligente WS-GS95"},"content":{"rendered":"<p data-start=\"150\" data-end=\"479\"><strong data-start=\"150\" data-end=\"161\">Modelo:<\/strong> WS-GS95<br data-start=\"169\" data-end=\"172\" \/><strong data-start=\"172\" data-end=\"184\">CPU:<\/strong> AB8959<br data-start=\"191\" data-end=\"194\" \/><strong data-start=\"194\" data-end=\"206\">Memoria:<\/strong> 132 MB<br data-start=\"213\" data-end=\"216\" \/><strong data-start=\"216\" data-end=\"229\">Pantalla:<\/strong> TFT 1.52&#8243; \u2013 Resoluci\u00f3n 360 \u00d7 360<br data-start=\"262\" data-end=\"265\" \/><strong data-start=\"265\" data-end=\"285\">Pantalla t\u00e1ctil:<\/strong> S\u00ed<br data-start=\"288\" data-end=\"291\" \/><strong data-start=\"291\" data-end=\"301\">Carga:<\/strong> Inal\u00e1mbrica<br data-start=\"313\" data-end=\"316\" \/><strong data-start=\"316\" data-end=\"340\">Resistencia al agua:<\/strong> IP67<br data-start=\"345\" data-end=\"348\" \/><strong data-start=\"348\" data-end=\"360\">Bater\u00eda:<\/strong> 320 mAh<br data-start=\"368\" data-end=\"371\" \/><strong data-start=\"371\" data-end=\"383\">Colores:<\/strong> Negro, Gris, Azul<br data-start=\"401\" data-end=\"404\" \/><strong data-start=\"404\" data-end=\"430\">Material de la correa:<\/strong> Silicona<br data-start=\"439\" data-end=\"442\" data-is-only-node=\"\" \/><strong data-start=\"442\" data-end=\"468\">Aplicaci\u00f3n compatible:<\/strong> Wear Fit<\/p>\n<hr data-start=\"481\" data-end=\"484\" \/>\n<h3 data-start=\"486\" data-end=\"515\"><strong data-start=\"490\" data-end=\"515\">Funciones principales<\/strong><\/h3>\n<ul data-start=\"517\" data-end=\"837\">\n<li data-start=\"517\" data-end=\"543\">\n<p data-start=\"519\" data-end=\"543\">Llamadas por Bluetooth<\/p>\n<\/li>\n<li data-start=\"544\" data-end=\"605\">\n<p data-start=\"546\" data-end=\"605\">Mercado de esferas (dial market) y esferas personalizadas<\/p>\n<\/li>\n<li data-start=\"606\" data-end=\"639\">\n<p data-start=\"608\" data-end=\"639\">Pantalla dividida inteligente<\/p>\n<\/li>\n<li data-start=\"640\" data-end=\"684\">\n<p data-start=\"642\" data-end=\"684\">Ajuste del tiempo de apagado de pantalla<\/p>\n<\/li>\n<li data-start=\"685\" data-end=\"711\">\n<p data-start=\"687\" data-end=\"711\">Conexi\u00f3n por c\u00f3digo QR<\/p>\n<\/li>\n<li data-start=\"712\" data-end=\"743\">\n<p data-start=\"714\" data-end=\"743\">Componentes personalizables<\/p>\n<\/li>\n<li data-start=\"744\" data-end=\"776\">\n<p data-start=\"746\" data-end=\"776\">Acceso r\u00e1pido a modo deporte<\/p>\n<\/li>\n<li data-start=\"777\" data-end=\"798\">\n<p data-start=\"779\" data-end=\"798\">M\u00e1s de 24 idiomas<\/p>\n<\/li>\n<li data-start=\"799\" data-end=\"837\">\n<p data-start=\"801\" data-end=\"837\">Bloqueo de pantalla con contrase\u00f1a<\/p>\n<\/li>\n<\/ul>\n<hr data-start=\"839\" data-end=\"842\" \/>\n<h3 data-start=\"844\" data-end=\"867\"><strong data-start=\"848\" data-end=\"867\">Salud y deporte<\/strong><\/h3>\n<ul data-start=\"869\" data-end=\"1099\">\n<li data-start=\"869\" data-end=\"899\">\n<p data-start=\"871\" data-end=\"899\">M\u00faltiples modos deportivos<\/p>\n<\/li>\n<li data-start=\"900\" data-end=\"934\">\n<p data-start=\"902\" data-end=\"934\">Monitor de frecuencia card\u00edaca<\/p>\n<\/li>\n<li data-start=\"935\" data-end=\"955\">\n<p data-start=\"937\" data-end=\"955\">Presi\u00f3n arterial<\/p>\n<\/li>\n<li data-start=\"956\" data-end=\"984\">\n<p data-start=\"958\" data-end=\"984\">Ox\u00edgeno en sangre (SpO\u2082)<\/p>\n<\/li>\n<li data-start=\"985\" data-end=\"1008\">\n<p data-start=\"987\" data-end=\"1008\">Monitoreo del sue\u00f1o<\/p>\n<\/li>\n<li data-start=\"1009\" data-end=\"1039\">\n<p data-start=\"1011\" data-end=\"1039\">Entrenamiento respiratorio<\/p>\n<\/li>\n<li data-start=\"1040\" data-end=\"1072\">\n<p data-start=\"1042\" data-end=\"1072\">Recordatorio de sedentarismo<\/p>\n<\/li>\n<li data-start=\"1073\" data-end=\"1099\">\n<p data-start=\"1075\" data-end=\"1099\">Recordatorios de salud<\/p>\n<\/li>\n<\/ul>\n<hr data-start=\"1101\" data-end=\"1104\" \/>\n<h3 data-start=\"1106\" data-end=\"1139\"><strong data-start=\"1110\" data-end=\"1139\">Herramientas inteligentes<\/strong><\/h3>\n<ul data-start=\"1141\" data-end=\"1538\">\n<li data-start=\"1141\" data-end=\"1182\">\n<p data-start=\"1143\" data-end=\"1182\">Notificaciones de llamadas y mensajes<\/p>\n<\/li>\n<li data-start=\"1183\" data-end=\"1243\">\n<p data-start=\"1185\" data-end=\"1243\">Control de m\u00fasica y reproducci\u00f3n de m\u00fasica por Bluetooth<\/p>\n<\/li>\n<li data-start=\"1244\" data-end=\"1272\">\n<p data-start=\"1246\" data-end=\"1272\">Control remoto de c\u00e1mara<\/p>\n<\/li>\n<li data-start=\"1273\" data-end=\"1308\">\n<p data-start=\"1275\" data-end=\"1308\">Control remoto de videos cortos<\/p>\n<\/li>\n<li data-start=\"1309\" data-end=\"1351\">\n<p data-start=\"1311\" data-end=\"1351\">Buscar el tel\u00e9fono \/ buscar la pulsera<\/p>\n<\/li>\n<li data-start=\"1352\" data-end=\"1367\">\n<p data-start=\"1354\" data-end=\"1367\">Calculadora<\/p>\n<\/li>\n<li data-start=\"1368\" data-end=\"1397\">\n<p data-start=\"1370\" data-end=\"1397\">Cron\u00f3metro y temporizador<\/p>\n<\/li>\n<li data-start=\"1398\" data-end=\"1408\">\n<p data-start=\"1400\" data-end=\"1408\">Alarma<\/p>\n<\/li>\n<li data-start=\"1409\" data-end=\"1418\">\n<p data-start=\"1411\" data-end=\"1418\">Clima<\/p>\n<\/li>\n<li data-start=\"1419\" data-end=\"1431\">\n<p data-start=\"1421\" data-end=\"1431\">Linterna<\/p>\n<\/li>\n<li data-start=\"1432\" data-end=\"1480\">\n<p data-start=\"1434\" data-end=\"1480\">Activaci\u00f3n de pantalla al levantar la mu\u00f1eca<\/p>\n<\/li>\n<li data-start=\"1481\" data-end=\"1504\">\n<p data-start=\"1483\" data-end=\"1504\">Asistente de voz AI<\/p>\n<\/li>\n<li data-start=\"1505\" data-end=\"1538\">\n<p data-start=\"1507\" data-end=\"1538\">Responder llamadas con gestos<\/p>\n<\/li>\n<\/ul>\n<hr data-start=\"1540\" data-end=\"1543\" \/>\n<h3 data-start=\"1545\" data-end=\"1580\"><strong data-start=\"1549\" data-end=\"1580\">Pagos y funciones avanzadas<\/strong><\/h3>\n<ul data-start=\"1582\" data-end=\"1691\">\n<li data-start=\"1582\" data-end=\"1636\">\n<p data-start=\"1584\" data-end=\"1636\">C\u00f3digos QR de pago: <strong data-start=\"1604\" data-end=\"1634\">Alipay, WeChat Pay, PayPal<\/strong><\/p>\n<\/li>\n<li data-start=\"1637\" data-end=\"1658\">\n<p data-start=\"1639\" data-end=\"1658\">Tarjetero digital<\/p>\n<\/li>\n<li data-start=\"1659\" data-end=\"1691\">\n<p data-start=\"1661\" data-end=\"1691\">Push de esferas desde la app<\/p>\n<\/li>\n<\/ul>","protected":false},"excerpt":{"rendered":"<p>Modelo: WS-GS95CPU: AB8959Memoria: 132 MBPantalla: TFT 1.52&#8243; \u2013 Resoluci\u00f3n 360 \u00d7 360Pantalla t\u00e1ctil: S\u00edCarga: Inal\u00e1mbricaResistencia al agua: IP67Bater\u00eda: 320 mAhColores: Negro, Gris, AzulMaterial de la correa: SiliconaAplicaci\u00f3n compatible: Wear Fit Funciones principales Llamadas por Bluetooth Mercado de esferas (dial market) y esferas personalizadas Pantalla dividida inteligente Ajuste del tiempo de apagado de pantalla Conexi\u00f3n por [&#8230;]\n","protected":false},"featured_media":762,"template":"","meta":[],"product_brand":[],"product_cat":[35,88],"product_tag":[],"class_list":{"0":"post-755","1":"product","2":"type-product","3":"status-publish","4":"has-post-thumbnail","6":"product_cat-productos-electronicos","7":"product_cat-reloj-inteligente","9":"first","10":"instock","11":"shipping-taxable","12":"purchasable","13":"product-type-variable"},"jetpack_sharing_enabled":true,"_links":{"self":[{"href":"https:\/\/wang.ar\/zh\/wp-json\/wp\/v2\/product\/755","targetHints":{"allow":["GET"]}}],"collection":[{"href":"https:\/\/wang.ar\/zh\/wp-json\/wp\/v2\/product"}],"about":[{"href":"https:\/\/wang.ar\/zh\/wp-json\/wp\/v2\/types\/product"}],"wp:featuredmedia":[{"embeddable":true,"href":"https:\/\/wang.ar\/zh\/wp-json\/wp\/v2\/media\/762"}],"wp:attachment":[{"href":"https:\/\/wang.ar\/zh\/wp-json\/wp\/v2\/media?parent=755"}],"wp:term":[{"taxonomy":"product_brand","embeddable":true,"href":"https:\/\/wang.ar\/zh\/wp-json\/wp\/v2\/product_brand?post=755"},{"taxonomy":"product_cat","embeddable":true,"href":"https:\/\/wang.ar\/zh\/wp-json\/wp\/v2\/product_cat?post=755"},{"taxonomy":"product_tag","embeddable":true,"href":"https:\/\/wang.ar\/zh\/wp-json\/wp\/v2\/product_tag?post=755"}],"curies":[{"name":"wp","href":"https:\/\/api.w.org\/{rel}","templated":true}]}}