{"id":938,"date":"2026-01-21T16:58:16","date_gmt":"2026-01-21T19:58:16","guid":{"rendered":"https:\/\/wang.ar\/?post_type=product&#038;p=938"},"modified":"2026-03-31T10:37:30","modified_gmt":"2026-03-31T13:37:30","slug":"parlante-lidimi-ld-s864","status":"publish","type":"product","link":"https:\/\/wang.ar\/zh\/product\/parlante-lidimi-ld-s864\/","title":{"rendered":"PARLANTE LIDIMI LD-S864"},"content":{"rendered":"<p>Tama\u00f1o: 19.5*10.5*10.5 CM<br \/>\nVersi\u00f3n bluetooth: 5.2 Altavoz: 2 pulgadas * 2<br \/>\nBater\u00eda:2*1500mah(s2*1200) Potencia:10w*2(s8* 2)<br \/>\nFunci\u00f3n: radio, tarjeta tf, memoria usb, luz TWS RGB<\/p>","protected":false},"excerpt":{"rendered":"<p>Tama\u00f1o: 19.5*10.5*10.5 CM Versi\u00f3n bluetooth: 5.2 Altavoz: 2 pulgadas * 2 Bater\u00eda:2*1500mah(s2*1200) Potencia:10w*2(s8* 2) Funci\u00f3n: radio, tarjeta tf, memoria usb, luz TWS RGB<\/p>","protected":false},"featured_media":939,"template":"","meta":[],"product_brand":[42],"product_cat":[40,35],"product_tag":[],"class_list":{"0":"post-938","1":"product","2":"type-product","3":"status-publish","4":"has-post-thumbnail","6":"product_brand-lidimi","7":"product_cat-parlante","8":"product_cat-productos-electronicos","10":"first","11":"instock","12":"shipping-taxable","13":"purchasable","14":"product-type-simple"},"jetpack_sharing_enabled":true,"_links":{"self":[{"href":"https:\/\/wang.ar\/zh\/wp-json\/wp\/v2\/product\/938","targetHints":{"allow":["GET"]}}],"collection":[{"href":"https:\/\/wang.ar\/zh\/wp-json\/wp\/v2\/product"}],"about":[{"href":"https:\/\/wang.ar\/zh\/wp-json\/wp\/v2\/types\/product"}],"wp:featuredmedia":[{"embeddable":true,"href":"https:\/\/wang.ar\/zh\/wp-json\/wp\/v2\/media\/939"}],"wp:attachment":[{"href":"https:\/\/wang.ar\/zh\/wp-json\/wp\/v2\/media?parent=938"}],"wp:term":[{"taxonomy":"product_brand","embeddable":true,"href":"https:\/\/wang.ar\/zh\/wp-json\/wp\/v2\/product_brand?post=938"},{"taxonomy":"product_cat","embeddable":true,"href":"https:\/\/wang.ar\/zh\/wp-json\/wp\/v2\/product_cat?post=938"},{"taxonomy":"product_tag","embeddable":true,"href":"https:\/\/wang.ar\/zh\/wp-json\/wp\/v2\/product_tag?post=938"}],"curies":[{"name":"wp","href":"https:\/\/api.w.org\/{rel}","templated":true}]}}